{"id":1404463,"date":"2025-02-22T01:04:35","date_gmt":"2025-02-22T00:04:35","guid":{"rendered":"https:\/\/streetmarkets.fr\/app\/produit\/chaussettes-chloe-coeur-en-coton-royalties\/"},"modified":"2026-05-02T02:01:22","modified_gmt":"2026-05-02T00:01:22","slug":"chaussettes-chloe-coeur-en-coton-royalties","status":"publish","type":"product","link":"https:\/\/streetmarkets.fr\/app\/produit\/chaussettes-chloe-coeur-en-coton-royalties\/","title":{"rendered":"Chaussettes Chloe Coeur en coton &#8211; Royalties"},"content":{"rendered":"<h2>Chaussettes Chlo\u00e9 C\u0153ur en coton &#8211; Royalties<\/h2>\n<p><img decoding=\"async\" src=\"https:\/\/cdn.shopify.com\/s\/files\/1\/0593\/7093\/0335\/files\/Logo-Royalties.png?v=1710502079\" alt=\"\"><img decoding=\"async\" alt=\"\" src=\"https:\/\/cdn.shopify.com\/s\/files\/1\/0593\/7093\/0335\/files\/Picto_Mode_Textile_480x480.jpg?v=1677763747\"><img decoding=\"async\" alt=\"\" src=\"https:\/\/cdn.shopify.com\/s\/files\/1\/0593\/7093\/0335\/files\/Picto_Made_in_France_480x480.jpg?v=1677763747\"><\/p>\n<p><span>Des c\u0153urs en all over version \u00e9t\u00e9, en coton super fin. Un des classiques de la maison, avec ses pointes et talons contrast\u00e9s. <\/span><span>\u00c0 porter sans mod\u00e9ration en talons, \u00e0 plats ou sans rien chez soi.<\/span><\/p>\n<p>Vos chaussettes Royalties sont tricot\u00e9es avec les m\u00eames fils que vos plus beaux pulls, et la diff\u00e9rence se ressent.\u00a0<\/p>\n<p>Au toucher (elles sont douces), au porter (elles sont confortables), et sur la dur\u00e9e (elles sont infatigables). Nous mettons du c\u0153ur \u00e0 vous offrir des dessins et des jeux de points raffin\u00e9s pour que vous soyez chaque jour au top jusqu\u2019au bout des pieds.<\/p>\n<p>Pour que vos chaussettes restent douces le plus longtemps possible nous vous conseillons vivement de les laver sur l\u2019envers en cycle court et \u00e0 30\u00b0 maximum. Ne pas s\u00e9cher au s\u00e8che-linge.<\/p>\n<p><span>L\u2019\u00e9lasthanne donne aisance et confort. Le polyamide entoure le fil d\u2019\u00e9lasthanne et renforce ses propri\u00e9t\u00e9s m\u00e9caniques. Le coton est doux au contact de la peau. Ces chaussettes respectent la norme Oeko Tex Standard 100. Garantie de non toxicit\u00e9 des fils.<\/span><\/p>\n<h3><span>ROYALTIES<\/span><\/h3>\n<p>Royalties, fond\u00e9e par le styliste Timoth\u00e9 Pic en 2011 et se poursuivant avec sa rencontre avec Camille Emelina est une marque soucieuse de son impact environnemental a<span>vec une ligne de conduite : redonner ses lettres de noblesse \u00e0 la chaussette en choisissant la fabrication fran\u00e7aise.<\/span> <br \/>Au sein de l&#8217;entreprise et chez leurs partenaires, tout ce qui peut \u00eatre recycl\u00e9 l&#8217;est. Royalties privil\u00e9gie les fournisseurs \u00e0 proximit\u00e9 et tous les cotons utilis\u00e9s r\u00e9pondent aux normes Oeko Tex standard 100. Royalties travaille \u00e9galement du coton recycl\u00e9 provenant d&#8217;Italie et de la laine recycl\u00e9e d&#8217;un filateur fran\u00e7ais issue de l&#8217;Upcycling.<\/p>\n<h3><span>INFORMATIONS<\/span><\/h3>\n<p><span>Hauteur : 22 cm.<br \/>Remaillage : fin et solide.<br \/>Composition : 89% coton \/ 9% polyamide \/ 2% \u00e9lasthanne<br \/>Fabriqu\u00e9 en France.<\/span><span><\/span><\/p>\n","protected":false},"excerpt":{"rendered":"<p>Chaussettes Chlo\u00e9 C\u0153ur en coton &#8211; Royalties Des c\u0153urs en all over version \u00e9t\u00e9, en coton super fin. Un des classiques de la maison, avec ses pointes et talons contrast\u00e9s. \u00c0 porter sans mod\u00e9ration en talons, \u00e0 plats ou sans rien chez soi. Vos chaussettes Royalties sont tricot\u00e9es avec les m\u00eames fils que vos plus [&hellip;]<\/p>\n","protected":false},"featured_media":1404464,"comment_status":"open","ping_status":"closed","template":"","meta":[],"product_brand":[],"product_cat":[1756,1764],"product_tag":[1810,1811],"acf":[],"_links":{"self":[{"href":"https:\/\/streetmarkets.fr\/app\/wp-json\/wp\/v2\/product\/1404463"}],"collection":[{"href":"https:\/\/streetmarkets.fr\/app\/wp-json\/wp\/v2\/product"}],"about":[{"href":"https:\/\/streetmarkets.fr\/app\/wp-json\/wp\/v2\/types\/product"}],"replies":[{"embeddable":true,"href":"https:\/\/streetmarkets.fr\/app\/wp-json\/wp\/v2\/comments?post=1404463"}],"wp:featuredmedia":[{"embeddable":true,"href":"https:\/\/streetmarkets.fr\/app\/wp-json\/wp\/v2\/media\/1404464"}],"wp:attachment":[{"href":"https:\/\/streetmarkets.fr\/app\/wp-json\/wp\/v2\/media?parent=1404463"}],"wp:term":[{"taxonomy":"product_brand","embeddable":true,"href":"https:\/\/streetmarkets.fr\/app\/wp-json\/wp\/v2\/product_brand?post=1404463"},{"taxonomy":"product_cat","embeddable":true,"href":"https:\/\/streetmarkets.fr\/app\/wp-json\/wp\/v2\/product_cat?post=1404463"},{"taxonomy":"product_tag","embeddable":true,"href":"https:\/\/streetmarkets.fr\/app\/wp-json\/wp\/v2\/product_tag?post=1404463"}],"curies":[{"name":"wp","href":"https:\/\/api.w.org\/{rel}","templated":true}]}}