{"id":1404281,"date":"2025-02-22T00:39:03","date_gmt":"2025-02-21T23:39:03","guid":{"rendered":"https:\/\/streetmarkets.fr\/app\/produit\/berenice-cuir-vernis-beige\/"},"modified":"2025-03-24T00:39:11","modified_gmt":"2025-03-23T23:39:11","slug":"berenice-cuir-vernis-beige","status":"publish","type":"product","link":"https:\/\/streetmarkets.fr\/app\/produit\/berenice-cuir-vernis-beige\/","title":{"rendered":"B\u00e9r\u00e9nice Cuir Vernis Beige"},"content":{"rendered":"<p>Explorez l&#8217;audace de B\u00e9r\u00e9nice, la babies \u00e0 talon carr\u00e9 caract\u00e9ris\u00e9e par son cuir vernis et ses boucles brillantes. Un talon moyen et des brides fines compl\u00e8tent ce mod\u00e8le, id\u00e9al pour une touche de caract\u00e8re dans votre \u00e9l\u00e9gance de tous les jours.<\/p>\n<p>\u2022 Fabrication artisanale au Portugal<br \/>\u2022 Cuir provenant d&#8217;Espagne et d&#8217;Italie &#8211; certifi\u00e9 LWG (Leather working group)<br \/>\u2022 Bout carr\u00e9<br \/>\u2022 Bride \u00e0 l&#8217;arri\u00e8re<br \/>\u2022 Accessoires : boucles arrondies dor\u00e9es<br \/>\u2022 Talon : 5,5 cm<\/p>\n<p>Composition :<\/p>\n<p><span>Dessus : 100% cuir de vachette &#8211; LWG<\/span><br \/><span>Doublure : 100% cuir de vachette &#8211; LWG<\/span><br \/><span>Semelle int\u00e9rieure : 100% cuir de vachette &#8211; LWG<\/span><br \/><span>Semelle ext\u00e9rieure : \u00e9lastom\u00e8re<\/span><\/p>\n<p>Conseil taille : Ce mod\u00e8le taille petit. Nous vous conseillons de prendre la pointure au-dessus.<\/p>\n","protected":false},"excerpt":{"rendered":"<p>Explorez l&#8217;audace de B\u00e9r\u00e9nice, la babies \u00e0 talon carr\u00e9 caract\u00e9ris\u00e9e par son cuir vernis et ses boucles brillantes. Un talon moyen et des brides fines compl\u00e8tent ce mod\u00e8le, id\u00e9al pour une touche de caract\u00e8re dans votre \u00e9l\u00e9gance de tous les jours. \u2022 Fabrication artisanale au Portugal\u2022 Cuir provenant d&#8217;Espagne et d&#8217;Italie &#8211; certifi\u00e9 LWG (Leather [&hellip;]<\/p>\n","protected":false},"featured_media":1404282,"comment_status":"open","ping_status":"closed","template":"","meta":[],"product_brand":[],"product_cat":[1756,1763],"product_tag":[1810],"acf":[],"_links":{"self":[{"href":"https:\/\/streetmarkets.fr\/app\/wp-json\/wp\/v2\/product\/1404281"}],"collection":[{"href":"https:\/\/streetmarkets.fr\/app\/wp-json\/wp\/v2\/product"}],"about":[{"href":"https:\/\/streetmarkets.fr\/app\/wp-json\/wp\/v2\/types\/product"}],"replies":[{"embeddable":true,"href":"https:\/\/streetmarkets.fr\/app\/wp-json\/wp\/v2\/comments?post=1404281"}],"wp:featuredmedia":[{"embeddable":true,"href":"https:\/\/streetmarkets.fr\/app\/wp-json\/wp\/v2\/media\/1404282"}],"wp:attachment":[{"href":"https:\/\/streetmarkets.fr\/app\/wp-json\/wp\/v2\/media?parent=1404281"}],"wp:term":[{"taxonomy":"product_brand","embeddable":true,"href":"https:\/\/streetmarkets.fr\/app\/wp-json\/wp\/v2\/product_brand?post=1404281"},{"taxonomy":"product_cat","embeddable":true,"href":"https:\/\/streetmarkets.fr\/app\/wp-json\/wp\/v2\/product_cat?post=1404281"},{"taxonomy":"product_tag","embeddable":true,"href":"https:\/\/streetmarkets.fr\/app\/wp-json\/wp\/v2\/product_tag?post=1404281"}],"curies":[{"name":"wp","href":"https:\/\/api.w.org\/{rel}","templated":true}]}}