{"id":1404277,"date":"2025-02-22T00:38:21","date_gmt":"2025-02-21T23:38:21","guid":{"rendered":"https:\/\/streetmarkets.fr\/app\/produit\/ceinture-pommier-anthracite\/"},"modified":"2025-03-24T00:38:48","modified_gmt":"2025-03-23T23:38:48","slug":"ceinture-pommier-anthracite","status":"publish","type":"product","link":"https:\/\/streetmarkets.fr\/app\/produit\/ceinture-pommier-anthracite\/","title":{"rendered":"Ceinture Pommier Anthracite"},"content":{"rendered":"<p>La\u00a0ceinture tiss\u00e9e POMMIER\u00a0s&#8217;ajoute \u00e0 notre collection d&#8217;accessoires pour femme. Des accessoires, aux coupes modernes et intemporelles, qui structurent la silhouette et subliment les looks. Les ceintures Grace &amp; Mila apportent une touche d&#8217;\u00e9l\u00e9gance raffin\u00e9e \u00e0 votre garde-robe, que ce soit pour une occasion sp\u00e9ciale ou pour une tenue du quotidien.<\/p>\n<p><strong>Composition :<\/strong> 100% polyester<\/p>\n<p>Taille Unique<\/p>\n<p>\u00a0<\/p>\n","protected":false},"excerpt":{"rendered":"<p>La\u00a0ceinture tiss\u00e9e POMMIER\u00a0s&#8217;ajoute \u00e0 notre collection d&#8217;accessoires pour femme. Des accessoires, aux coupes modernes et intemporelles, qui structurent la silhouette et subliment les looks. Les ceintures Grace &amp; Mila apportent une touche d&#8217;\u00e9l\u00e9gance raffin\u00e9e \u00e0 votre garde-robe, que ce soit pour une occasion sp\u00e9ciale ou pour une tenue du quotidien. Composition : 100% polyester Taille [&hellip;]<\/p>\n","protected":false},"featured_media":1404278,"comment_status":"open","ping_status":"closed","template":"","meta":[],"product_brand":[],"product_cat":[1756,1764],"product_tag":[1810],"acf":[],"_links":{"self":[{"href":"https:\/\/streetmarkets.fr\/app\/wp-json\/wp\/v2\/product\/1404277"}],"collection":[{"href":"https:\/\/streetmarkets.fr\/app\/wp-json\/wp\/v2\/product"}],"about":[{"href":"https:\/\/streetmarkets.fr\/app\/wp-json\/wp\/v2\/types\/product"}],"replies":[{"embeddable":true,"href":"https:\/\/streetmarkets.fr\/app\/wp-json\/wp\/v2\/comments?post=1404277"}],"wp:featuredmedia":[{"embeddable":true,"href":"https:\/\/streetmarkets.fr\/app\/wp-json\/wp\/v2\/media\/1404278"}],"wp:attachment":[{"href":"https:\/\/streetmarkets.fr\/app\/wp-json\/wp\/v2\/media?parent=1404277"}],"wp:term":[{"taxonomy":"product_brand","embeddable":true,"href":"https:\/\/streetmarkets.fr\/app\/wp-json\/wp\/v2\/product_brand?post=1404277"},{"taxonomy":"product_cat","embeddable":true,"href":"https:\/\/streetmarkets.fr\/app\/wp-json\/wp\/v2\/product_cat?post=1404277"},{"taxonomy":"product_tag","embeddable":true,"href":"https:\/\/streetmarkets.fr\/app\/wp-json\/wp\/v2\/product_tag?post=1404277"}],"curies":[{"name":"wp","href":"https:\/\/api.w.org\/{rel}","templated":true}]}}