{"id":1404163,"date":"2025-02-21T07:41:21","date_gmt":"2025-02-21T06:41:21","guid":{"rendered":"https:\/\/streetmarkets.fr\/app\/produit\/egola-dark-brown-dragon-diffusion\/"},"modified":"2026-05-15T08:38:06","modified_gmt":"2026-05-15T06:38:06","slug":"egola-dark-brown-dragon-diffusion","status":"publish","type":"product","link":"https:\/\/streetmarkets.fr\/app\/produit\/egola-dark-brown-dragon-diffusion\/","title":{"rendered":"Egola Dark Brown &#8211; Dragon Diffusion"},"content":{"rendered":"<p>Une pi\u00e8ce originale de la collection Dragon diffusion : le sac Egola couleur dark brown de chez Dragon Diffusion est en cuir tress\u00e9 \u00e0 la main.<\/p>\n<p>En respectant les techniques traditionnelles de tressage, ce sac deviendra une pi\u00e8ce intemporelle dans votre dressing.<\/p>\n","protected":false},"excerpt":{"rendered":"<p>Une pi\u00e8ce originale de la collection Dragon diffusion : le sac Egola couleur dark brown de chez Dragon Diffusion est en cuir tress\u00e9 \u00e0 la main. En respectant les techniques traditionnelles de tressage, ce sac deviendra une pi\u00e8ce intemporelle dans votre dressing.<\/p>\n","protected":false},"featured_media":1404164,"comment_status":"open","ping_status":"closed","template":"","meta":[],"product_brand":[],"product_cat":[1756,1764],"product_tag":[2244],"acf":[],"_links":{"self":[{"href":"https:\/\/streetmarkets.fr\/app\/wp-json\/wp\/v2\/product\/1404163"}],"collection":[{"href":"https:\/\/streetmarkets.fr\/app\/wp-json\/wp\/v2\/product"}],"about":[{"href":"https:\/\/streetmarkets.fr\/app\/wp-json\/wp\/v2\/types\/product"}],"replies":[{"embeddable":true,"href":"https:\/\/streetmarkets.fr\/app\/wp-json\/wp\/v2\/comments?post=1404163"}],"wp:featuredmedia":[{"embeddable":true,"href":"https:\/\/streetmarkets.fr\/app\/wp-json\/wp\/v2\/media\/1404164"}],"wp:attachment":[{"href":"https:\/\/streetmarkets.fr\/app\/wp-json\/wp\/v2\/media?parent=1404163"}],"wp:term":[{"taxonomy":"product_brand","embeddable":true,"href":"https:\/\/streetmarkets.fr\/app\/wp-json\/wp\/v2\/product_brand?post=1404163"},{"taxonomy":"product_cat","embeddable":true,"href":"https:\/\/streetmarkets.fr\/app\/wp-json\/wp\/v2\/product_cat?post=1404163"},{"taxonomy":"product_tag","embeddable":true,"href":"https:\/\/streetmarkets.fr\/app\/wp-json\/wp\/v2\/product_tag?post=1404163"}],"curies":[{"name":"wp","href":"https:\/\/api.w.org\/{rel}","templated":true}]}}