{"id":1400000,"date":"2025-02-21T01:17:48","date_gmt":"2025-02-21T00:17:48","guid":{"rendered":"https:\/\/streetmarkets.fr\/app\/produit\/pantalon-large-s25-femme-floating-garden\/"},"modified":"2025-10-07T01:44:49","modified_gmt":"2025-10-06T23:44:49","slug":"pantalon-large-s25-femme-floating-garden","status":"publish","type":"product","link":"https:\/\/streetmarkets.fr\/app\/produit\/pantalon-large-s25-femme-floating-garden\/","title":{"rendered":"Pantalon Large R\u00e9gine (S25 \/ FEMME \/ Floating Garden)"},"content":{"rendered":"<p>&#8211; Pantalon large en satin de soie Femme <br \/>&#8211; Imprim\u00e9 fleuri<br \/>&#8211; Taille \u00e9lastiqu\u00e9e <br \/>&#8211; Coupe regular<\/p>\n","protected":false},"excerpt":{"rendered":"<p>&#8211; Pantalon large en satin de soie Femme &#8211; Imprim\u00e9 fleuri&#8211; Taille \u00e9lastiqu\u00e9e &#8211; Coupe regular<\/p>\n","protected":false},"featured_media":1400001,"comment_status":"open","ping_status":"closed","template":"","meta":[],"product_brand":[6868],"product_cat":[1756,1762],"product_tag":[2244],"acf":[],"_links":{"self":[{"href":"https:\/\/streetmarkets.fr\/app\/wp-json\/wp\/v2\/product\/1400000"}],"collection":[{"href":"https:\/\/streetmarkets.fr\/app\/wp-json\/wp\/v2\/product"}],"about":[{"href":"https:\/\/streetmarkets.fr\/app\/wp-json\/wp\/v2\/types\/product"}],"replies":[{"embeddable":true,"href":"https:\/\/streetmarkets.fr\/app\/wp-json\/wp\/v2\/comments?post=1400000"}],"wp:featuredmedia":[{"embeddable":true,"href":"https:\/\/streetmarkets.fr\/app\/wp-json\/wp\/v2\/media\/1400001"}],"wp:attachment":[{"href":"https:\/\/streetmarkets.fr\/app\/wp-json\/wp\/v2\/media?parent=1400000"}],"wp:term":[{"taxonomy":"product_brand","embeddable":true,"href":"https:\/\/streetmarkets.fr\/app\/wp-json\/wp\/v2\/product_brand?post=1400000"},{"taxonomy":"product_cat","embeddable":true,"href":"https:\/\/streetmarkets.fr\/app\/wp-json\/wp\/v2\/product_cat?post=1400000"},{"taxonomy":"product_tag","embeddable":true,"href":"https:\/\/streetmarkets.fr\/app\/wp-json\/wp\/v2\/product_tag?post=1400000"}],"curies":[{"name":"wp","href":"https:\/\/api.w.org\/{rel}","templated":true}]}}