{"id":1399839,"date":"2025-02-21T01:17:12","date_gmt":"2025-02-21T00:17:12","guid":{"rendered":"https:\/\/streetmarkets.fr\/app\/produit\/robe-longue-bretelles-col-strass-s25-femme-light-beige\/"},"modified":"2025-08-18T01:51:05","modified_gmt":"2025-08-17T23:51:05","slug":"robe-longue-bretelles-col-strass-s25-femme-light-beige","status":"publish","type":"product","link":"https:\/\/streetmarkets.fr\/app\/produit\/robe-longue-bretelles-col-strass-s25-femme-light-beige\/","title":{"rendered":"Robe Longue Bretelles Strass (S25 \/ FEMME \/ Light Beige)"},"content":{"rendered":"<p>Lumineuse et irr\u00e9sistible, cette robe longue en laine m\u00e9rinos 4 fils est sublim\u00e9e par des strass au col et aux emmanchures. Sa jupe fendue apporte une touche d&#8217;audace \u00e0 l&#8217;allure.<\/p>\n<p>&#8211; Robe longue en laine m\u00e9rinos 4 fils Femme<br \/>\n<br \/>&#8211; Strass au col rond et aux emmanchures<br \/>\n<br \/>&#8211; Bretelles larges<br \/>\n<br \/>&#8211; Jupe fendue<br \/>\n<br \/>&#8211; Coupe slim<br \/>\n<br \/>&#8211; Laine m\u00e9rinos : respirante et thermor\u00e9gulatrice, elle peut \u00eatre port\u00e9e \u00e9t\u00e9 comme hiver<\/p>\n","protected":false},"excerpt":{"rendered":"<p>Lumineuse et irr\u00e9sistible, cette robe longue en laine m\u00e9rinos 4 fils est sublim\u00e9e par des strass au col et aux emmanchures. Sa jupe fendue apporte une touche d&#8217;audace \u00e0 l&#8217;allure. &#8211; Robe longue en laine m\u00e9rinos 4 fils Femme &#8211; Strass au col rond et aux emmanchures &#8211; Bretelles larges &#8211; Jupe fendue &#8211; Coupe [&hellip;]<\/p>\n","protected":false},"featured_media":1399840,"comment_status":"open","ping_status":"closed","template":"","meta":[],"product_brand":[6868],"product_cat":[1756,1762],"product_tag":[2244],"acf":[],"_links":{"self":[{"href":"https:\/\/streetmarkets.fr\/app\/wp-json\/wp\/v2\/product\/1399839"}],"collection":[{"href":"https:\/\/streetmarkets.fr\/app\/wp-json\/wp\/v2\/product"}],"about":[{"href":"https:\/\/streetmarkets.fr\/app\/wp-json\/wp\/v2\/types\/product"}],"replies":[{"embeddable":true,"href":"https:\/\/streetmarkets.fr\/app\/wp-json\/wp\/v2\/comments?post=1399839"}],"wp:featuredmedia":[{"embeddable":true,"href":"https:\/\/streetmarkets.fr\/app\/wp-json\/wp\/v2\/media\/1399840"}],"wp:attachment":[{"href":"https:\/\/streetmarkets.fr\/app\/wp-json\/wp\/v2\/media?parent=1399839"}],"wp:term":[{"taxonomy":"product_brand","embeddable":true,"href":"https:\/\/streetmarkets.fr\/app\/wp-json\/wp\/v2\/product_brand?post=1399839"},{"taxonomy":"product_cat","embeddable":true,"href":"https:\/\/streetmarkets.fr\/app\/wp-json\/wp\/v2\/product_cat?post=1399839"},{"taxonomy":"product_tag","embeddable":true,"href":"https:\/\/streetmarkets.fr\/app\/wp-json\/wp\/v2\/product_tag?post=1399839"}],"curies":[{"name":"wp","href":"https:\/\/api.w.org\/{rel}","templated":true}]}}