{"id":1399792,"date":"2025-02-21T01:16:20","date_gmt":"2025-02-21T00:16:20","guid":{"rendered":"https:\/\/streetmarkets.fr\/app\/produit\/top-bretelles-bicolore-coeur-s25-femme-noir\/"},"modified":"2025-07-20T01:49:50","modified_gmt":"2025-07-19T23:49:50","slug":"top-bretelles-bicolore-coeur-s25-femme-noir","status":"publish","type":"product","link":"https:\/\/streetmarkets.fr\/app\/produit\/top-bretelles-bicolore-coeur-s25-femme-noir\/","title":{"rendered":"Top Bretelles Bicolore C\u0153ur (S25 \/ FEMME \/ Noir)"},"content":{"rendered":"<p>&#8211; Top en laine m\u00e9rinos 2 fils Femme<br \/>\n<br \/>&#8211; C\u0153ur ajour\u00e9<br \/>\n<br \/>&#8211; Liser\u00e9s contrast\u00e9s<br \/>\n<br \/>&#8211; Encolure droite<br \/>\n<br \/>&#8211; Bretelles fines<br \/>\n<br \/>&#8211; Coupe slim<br \/>\n<br \/>&#8211; Laine m\u00e9rinos : respirante et thermor\u00e9gulatrice, elle peut \u00eatre port\u00e9e \u00e9t\u00e9 comme hiver<\/p>\n","protected":false},"excerpt":{"rendered":"<p>&#8211; Top en laine m\u00e9rinos 2 fils Femme &#8211; C\u0153ur ajour\u00e9 &#8211; Liser\u00e9s contrast\u00e9s &#8211; Encolure droite &#8211; Bretelles fines &#8211; Coupe slim &#8211; Laine m\u00e9rinos : respirante et thermor\u00e9gulatrice, elle peut \u00eatre port\u00e9e \u00e9t\u00e9 comme hiver<\/p>\n","protected":false},"featured_media":1399793,"comment_status":"open","ping_status":"closed","template":"","meta":[],"product_brand":[6868],"product_cat":[1756,1762],"product_tag":[2244],"acf":[],"_links":{"self":[{"href":"https:\/\/streetmarkets.fr\/app\/wp-json\/wp\/v2\/product\/1399792"}],"collection":[{"href":"https:\/\/streetmarkets.fr\/app\/wp-json\/wp\/v2\/product"}],"about":[{"href":"https:\/\/streetmarkets.fr\/app\/wp-json\/wp\/v2\/types\/product"}],"replies":[{"embeddable":true,"href":"https:\/\/streetmarkets.fr\/app\/wp-json\/wp\/v2\/comments?post=1399792"}],"wp:featuredmedia":[{"embeddable":true,"href":"https:\/\/streetmarkets.fr\/app\/wp-json\/wp\/v2\/media\/1399793"}],"wp:attachment":[{"href":"https:\/\/streetmarkets.fr\/app\/wp-json\/wp\/v2\/media?parent=1399792"}],"wp:term":[{"taxonomy":"product_brand","embeddable":true,"href":"https:\/\/streetmarkets.fr\/app\/wp-json\/wp\/v2\/product_brand?post=1399792"},{"taxonomy":"product_cat","embeddable":true,"href":"https:\/\/streetmarkets.fr\/app\/wp-json\/wp\/v2\/product_cat?post=1399792"},{"taxonomy":"product_tag","embeddable":true,"href":"https:\/\/streetmarkets.fr\/app\/wp-json\/wp\/v2\/product_tag?post=1399792"}],"curies":[{"name":"wp","href":"https:\/\/api.w.org\/{rel}","templated":true}]}}