{"id":1399772,"date":"2025-02-21T01:16:12","date_gmt":"2025-02-21T00:16:12","guid":{"rendered":"https:\/\/streetmarkets.fr\/app\/produit\/chemise-manches-longues-s25-homme-multi-r-beige\/"},"modified":"2025-10-02T01:59:23","modified_gmt":"2025-10-01T23:59:23","slug":"chemise-manches-longues-s25-homme-multi-r-beige","status":"publish","type":"product","link":"https:\/\/streetmarkets.fr\/app\/produit\/chemise-manches-longues-s25-homme-multi-r-beige\/","title":{"rendered":"Chemise Manches Longues (S25 \/ HOMME \/ Multi R Beige)"},"content":{"rendered":"<p>&#8211; Chemise longue en coton Homme<br \/>\n<br \/>&#8211; Imprim\u00e9 multi rayures<br \/>\n<br \/>&#8211; Col chemise<br \/>\n<br \/>&#8211; Poche poitrine plaqu\u00e9e<br \/>\n<br \/>&#8211; Fermeture boutonn\u00e9e<br \/>\n<br \/>&#8211; Manches longues<br \/>\n<br \/>&#8211; Poignets boutonn\u00e9s<br \/>\n<br \/>&#8211; Coupe oversize<\/p>\n","protected":false},"excerpt":{"rendered":"<p>&#8211; Chemise longue en coton Homme &#8211; Imprim\u00e9 multi rayures &#8211; Col chemise &#8211; Poche poitrine plaqu\u00e9e &#8211; Fermeture boutonn\u00e9e &#8211; Manches longues &#8211; Poignets boutonn\u00e9s &#8211; Coupe oversize<\/p>\n","protected":false},"featured_media":1399773,"comment_status":"open","ping_status":"closed","template":"","meta":[],"product_brand":[6868],"product_cat":[1756,1758],"product_tag":[2244],"acf":[],"_links":{"self":[{"href":"https:\/\/streetmarkets.fr\/app\/wp-json\/wp\/v2\/product\/1399772"}],"collection":[{"href":"https:\/\/streetmarkets.fr\/app\/wp-json\/wp\/v2\/product"}],"about":[{"href":"https:\/\/streetmarkets.fr\/app\/wp-json\/wp\/v2\/types\/product"}],"replies":[{"embeddable":true,"href":"https:\/\/streetmarkets.fr\/app\/wp-json\/wp\/v2\/comments?post=1399772"}],"wp:featuredmedia":[{"embeddable":true,"href":"https:\/\/streetmarkets.fr\/app\/wp-json\/wp\/v2\/media\/1399773"}],"wp:attachment":[{"href":"https:\/\/streetmarkets.fr\/app\/wp-json\/wp\/v2\/media?parent=1399772"}],"wp:term":[{"taxonomy":"product_brand","embeddable":true,"href":"https:\/\/streetmarkets.fr\/app\/wp-json\/wp\/v2\/product_brand?post=1399772"},{"taxonomy":"product_cat","embeddable":true,"href":"https:\/\/streetmarkets.fr\/app\/wp-json\/wp\/v2\/product_cat?post=1399772"},{"taxonomy":"product_tag","embeddable":true,"href":"https:\/\/streetmarkets.fr\/app\/wp-json\/wp\/v2\/product_tag?post=1399772"}],"curies":[{"name":"wp","href":"https:\/\/api.w.org\/{rel}","templated":true}]}}