{"id":1399738,"date":"2025-02-21T01:16:07","date_gmt":"2025-02-21T00:16:07","guid":{"rendered":"https:\/\/streetmarkets.fr\/app\/produit\/casquette-a-visiere-courbee-coeur-s25-accessoires-camel\/"},"modified":"2025-10-07T01:44:47","modified_gmt":"2025-10-06T23:44:47","slug":"casquette-a-visiere-courbee-coeur-s25-accessoires-camel","status":"publish","type":"product","link":"https:\/\/streetmarkets.fr\/app\/produit\/casquette-a-visiere-courbee-coeur-s25-accessoires-camel\/","title":{"rendered":"Casquette \u00e0 Visi\u00e8re Courb\u00e9e C\u0153ur (S25 \/ ACCESSOIRES \/ Camel)"},"content":{"rendered":"<p>V\u00e9ritable d\u00e9claration de style, cette casquette se pare d\u2019une broderie c\u0153ur \u00e0 l&#8217;avant. Confectionn\u00e9e en coton, elle est munie d\u2019une visi\u00e8re courb\u00e9e et d\u2019une sangle ajustable.<\/p>\n<p>&#8211; Casquette en coton<br \/>\n<br \/>&#8211; Broderie c\u0153ur<br \/>\n<br \/>&#8211; Visi\u00e8re courb\u00e9e<br \/>\n<br \/>&#8211; Sangle ajustable<br \/>\n<br \/>&#8211; Taille unique<\/p>\n","protected":false},"excerpt":{"rendered":"<p>V\u00e9ritable d\u00e9claration de style, cette casquette se pare d\u2019une broderie c\u0153ur \u00e0 l&#8217;avant. Confectionn\u00e9e en coton, elle est munie d\u2019une visi\u00e8re courb\u00e9e et d\u2019une sangle ajustable. &#8211; Casquette en coton &#8211; Broderie c\u0153ur &#8211; Visi\u00e8re courb\u00e9e &#8211; Sangle ajustable &#8211; Taille unique<\/p>\n","protected":false},"featured_media":1399739,"comment_status":"open","ping_status":"closed","template":"","meta":[],"product_brand":[6868],"product_cat":[1756,1760],"product_tag":[2244],"acf":[],"_links":{"self":[{"href":"https:\/\/streetmarkets.fr\/app\/wp-json\/wp\/v2\/product\/1399738"}],"collection":[{"href":"https:\/\/streetmarkets.fr\/app\/wp-json\/wp\/v2\/product"}],"about":[{"href":"https:\/\/streetmarkets.fr\/app\/wp-json\/wp\/v2\/types\/product"}],"replies":[{"embeddable":true,"href":"https:\/\/streetmarkets.fr\/app\/wp-json\/wp\/v2\/comments?post=1399738"}],"wp:featuredmedia":[{"embeddable":true,"href":"https:\/\/streetmarkets.fr\/app\/wp-json\/wp\/v2\/media\/1399739"}],"wp:attachment":[{"href":"https:\/\/streetmarkets.fr\/app\/wp-json\/wp\/v2\/media?parent=1399738"}],"wp:term":[{"taxonomy":"product_brand","embeddable":true,"href":"https:\/\/streetmarkets.fr\/app\/wp-json\/wp\/v2\/product_brand?post=1399738"},{"taxonomy":"product_cat","embeddable":true,"href":"https:\/\/streetmarkets.fr\/app\/wp-json\/wp\/v2\/product_cat?post=1399738"},{"taxonomy":"product_tag","embeddable":true,"href":"https:\/\/streetmarkets.fr\/app\/wp-json\/wp\/v2\/product_tag?post=1399738"}],"curies":[{"name":"wp","href":"https:\/\/api.w.org\/{rel}","templated":true}]}}