{"id":1399704,"date":"2025-02-21T01:13:41","date_gmt":"2025-02-21T00:13:41","guid":{"rendered":"https:\/\/streetmarkets.fr\/app\/produit\/robe-longue-bretelles-s25-femme-tropical-raspbe\/"},"modified":"2025-08-13T02:14:29","modified_gmt":"2025-08-13T00:14:29","slug":"robe-longue-bretelles-s25-femme-tropical-raspbe","status":"publish","type":"product","link":"https:\/\/streetmarkets.fr\/app\/produit\/robe-longue-bretelles-s25-femme-tropical-raspbe\/","title":{"rendered":"Robe Longue Bretelles Giulia (S25 \/ FEMME \/ Tropical Raspbe)"},"content":{"rendered":"<p>Confectionn\u00e9e en satin de soie, cette robe longue se pare de bords contrast\u00e9s. Munie de bretelles fines ajustables et d&#8217;un d\u00e9collet\u00e9 en V, elle d\u00e9voile une petite d\u00e9coupe \u00e0 l&#8217;avant et une jupe fluide au tomb\u00e9 \u00e9vas\u00e9. \u00c9l\u00e9gante et l\u00e9g\u00e8re, mixez-la \u00e0 une maille moelleuse ou une veste structur\u00e9e.<\/p>\n<p>&#8211; Robe longue en satin de soie Femme<br \/>\n<br \/>&#8211; Bords contrast\u00e9s<br \/>\n<br \/>&#8211; D\u00e9collet\u00e9 en V<br \/>\n<br \/>&#8211; Petite d\u00e9coupe<br \/>\n<br \/>&#8211; Bretelles fines ajustables<br \/>\n<br \/>&#8211; Jupe \u00e9vas\u00e9e<br \/>\n<br \/>&#8211; Coupe slim<\/p>\n","protected":false},"excerpt":{"rendered":"<p>Confectionn\u00e9e en satin de soie, cette robe longue se pare de bords contrast\u00e9s. Munie de bretelles fines ajustables et d&#8217;un d\u00e9collet\u00e9 en V, elle d\u00e9voile une petite d\u00e9coupe \u00e0 l&#8217;avant et une jupe fluide au tomb\u00e9 \u00e9vas\u00e9. \u00c9l\u00e9gante et l\u00e9g\u00e8re, mixez-la \u00e0 une maille moelleuse ou une veste structur\u00e9e. &#8211; Robe longue en satin de [&hellip;]<\/p>\n","protected":false},"featured_media":1399705,"comment_status":"open","ping_status":"closed","template":"","meta":[],"product_brand":[6868],"product_cat":[1756,1762],"product_tag":[2244],"acf":[],"_links":{"self":[{"href":"https:\/\/streetmarkets.fr\/app\/wp-json\/wp\/v2\/product\/1399704"}],"collection":[{"href":"https:\/\/streetmarkets.fr\/app\/wp-json\/wp\/v2\/product"}],"about":[{"href":"https:\/\/streetmarkets.fr\/app\/wp-json\/wp\/v2\/types\/product"}],"replies":[{"embeddable":true,"href":"https:\/\/streetmarkets.fr\/app\/wp-json\/wp\/v2\/comments?post=1399704"}],"wp:featuredmedia":[{"embeddable":true,"href":"https:\/\/streetmarkets.fr\/app\/wp-json\/wp\/v2\/media\/1399705"}],"wp:attachment":[{"href":"https:\/\/streetmarkets.fr\/app\/wp-json\/wp\/v2\/media?parent=1399704"}],"wp:term":[{"taxonomy":"product_brand","embeddable":true,"href":"https:\/\/streetmarkets.fr\/app\/wp-json\/wp\/v2\/product_brand?post=1399704"},{"taxonomy":"product_cat","embeddable":true,"href":"https:\/\/streetmarkets.fr\/app\/wp-json\/wp\/v2\/product_cat?post=1399704"},{"taxonomy":"product_tag","embeddable":true,"href":"https:\/\/streetmarkets.fr\/app\/wp-json\/wp\/v2\/product_tag?post=1399704"}],"curies":[{"name":"wp","href":"https:\/\/api.w.org\/{rel}","templated":true}]}}