{"id":1399629,"date":"2025-02-21T01:13:33","date_gmt":"2025-02-21T00:13:33","guid":{"rendered":"https:\/\/streetmarkets.fr\/app\/produit\/top-bretelles-s25-femme-tropical-raspbe\/"},"modified":"2025-10-07T01:44:26","modified_gmt":"2025-10-06T23:44:26","slug":"top-bretelles-s25-femme-tropical-raspbe","status":"publish","type":"product","link":"https:\/\/streetmarkets.fr\/app\/produit\/top-bretelles-s25-femme-tropical-raspbe\/","title":{"rendered":"Top Bretelles Dallia (S25 \/ FEMME \/ Tropical Raspbe)"},"content":{"rendered":"<p>Jeu de transparence pour ce top court en satin de soie l\u00e9ger et soyeux. Muni de bretelles fines ajustables, il s\u00e9duit par un d\u00e9collet\u00e9 en V et des bandes de dentelle. \u00c9l\u00e9gant et versatile, il s&#8217;associe \u00e0 un pantalon de tailleur ou une jupe fluide.<\/p>\n<p>&#8211; Top en satin de soie Femme<br \/>\n<br \/>&#8211; Bandes de dentelle<br \/>\n<br \/>&#8211; D\u00e9collet\u00e9 en V<br \/>\n<br \/>&#8211; Bretelles fines ajustables<br \/>\n<br \/>&#8211; Coupe regular<\/p>\n","protected":false},"excerpt":{"rendered":"<p>Jeu de transparence pour ce top court en satin de soie l\u00e9ger et soyeux. Muni de bretelles fines ajustables, il s\u00e9duit par un d\u00e9collet\u00e9 en V et des bandes de dentelle. \u00c9l\u00e9gant et versatile, il s&#8217;associe \u00e0 un pantalon de tailleur ou une jupe fluide. &#8211; Top en satin de soie Femme &#8211; Bandes de [&hellip;]<\/p>\n","protected":false},"featured_media":1399630,"comment_status":"open","ping_status":"closed","template":"","meta":[],"product_brand":[6868],"product_cat":[1756,1762],"product_tag":[2244],"acf":[],"_links":{"self":[{"href":"https:\/\/streetmarkets.fr\/app\/wp-json\/wp\/v2\/product\/1399629"}],"collection":[{"href":"https:\/\/streetmarkets.fr\/app\/wp-json\/wp\/v2\/product"}],"about":[{"href":"https:\/\/streetmarkets.fr\/app\/wp-json\/wp\/v2\/types\/product"}],"replies":[{"embeddable":true,"href":"https:\/\/streetmarkets.fr\/app\/wp-json\/wp\/v2\/comments?post=1399629"}],"wp:featuredmedia":[{"embeddable":true,"href":"https:\/\/streetmarkets.fr\/app\/wp-json\/wp\/v2\/media\/1399630"}],"wp:attachment":[{"href":"https:\/\/streetmarkets.fr\/app\/wp-json\/wp\/v2\/media?parent=1399629"}],"wp:term":[{"taxonomy":"product_brand","embeddable":true,"href":"https:\/\/streetmarkets.fr\/app\/wp-json\/wp\/v2\/product_brand?post=1399629"},{"taxonomy":"product_cat","embeddable":true,"href":"https:\/\/streetmarkets.fr\/app\/wp-json\/wp\/v2\/product_cat?post=1399629"},{"taxonomy":"product_tag","embeddable":true,"href":"https:\/\/streetmarkets.fr\/app\/wp-json\/wp\/v2\/product_tag?post=1399629"}],"curies":[{"name":"wp","href":"https:\/\/api.w.org\/{rel}","templated":true}]}}