{"id":1399210,"date":"2025-02-20T05:50:27","date_gmt":"2025-02-20T04:50:27","guid":{"rendered":"https:\/\/streetmarkets.fr\/app\/produit\/viktor-turtle-neck-12758\/"},"modified":"2026-03-16T05:45:49","modified_gmt":"2026-03-16T04:45:49","slug":"viktor-turtle-neck-12758","status":"publish","type":"product","link":"https:\/\/streetmarkets.fr\/app\/produit\/viktor-turtle-neck-12758\/","title":{"rendered":"Viktor Turtle Neck 12758"},"content":{"rendered":"<p><!--td {border: 1px solid #cccccc;}br {mso-data-placement:same-cell;}--><\/p>\n<p><span data-sheets-root=\"1\">D\u00e9couvrez le pull Viktor Turtle Neck 12758 de chez  <strong>Sams\u00f8e Sams\u00f8e,\u00a0<\/strong>disponible en Crocodile (marron), une pi\u00e8ce polyvalente de la collection Harold. Ce pull \u00e0 col roul\u00e9 pr\u00e9sente une coupe d\u00e9contract\u00e9e pour un style moderne et confortable.<\/p>\n<p>Le <strong>col roul\u00e9 c\u00f4tel\u00e9 <\/strong>et ajust\u00e9 offre une touche de confort, tandis que les coutures enti\u00e8rement fa\u00e7onn\u00e9es assurent une finition impeccable. Avec ses <strong>\u00e9paules tombantes<\/strong> et son ourlet et ses poignets c\u00f4tel\u00e9s, ce pull offre un ajustement <strong>confortable et d\u00e9contract\u00e9<\/strong>. Parfait pour une tenue d\u00e9contract\u00e9e, ce pull est un choix polyvalent pour l&#8217;homme moderne.<\/p>\n<p>Compos\u00e9 \u00e0 100% de laine, ce pull est un essentiel pour affronter les journ\u00e9es fra\u00eeches avec style et confort. Ajoutez de la chaleur \u00e0 votre vestiaire avec le pull <strong>Viktor Turtle Neck 12758<\/strong> de  <strong>Sams\u00f8e Sams\u00f8e,<\/strong>\u00a0disponible chez Harold \u00e0 Paris.<\/span><\/p>\n","protected":false},"excerpt":{"rendered":"<p>D\u00e9couvrez le pull Viktor Turtle Neck 12758 de chez Sams\u00f8e Sams\u00f8e,\u00a0disponible en Crocodile (marron), une pi\u00e8ce polyvalente de la collection Harold. Ce pull \u00e0 col roul\u00e9 pr\u00e9sente une coupe d\u00e9contract\u00e9e pour un style moderne et confortable. Le col roul\u00e9 c\u00f4tel\u00e9 et ajust\u00e9 offre une touche de confort, tandis que les coutures enti\u00e8rement fa\u00e7onn\u00e9es assurent une [&hellip;]<\/p>\n","protected":false},"featured_media":1399211,"comment_status":"open","ping_status":"closed","template":"","meta":[],"product_brand":[],"product_cat":[1756,1758],"product_tag":[2244],"acf":[],"_links":{"self":[{"href":"https:\/\/streetmarkets.fr\/app\/wp-json\/wp\/v2\/product\/1399210"}],"collection":[{"href":"https:\/\/streetmarkets.fr\/app\/wp-json\/wp\/v2\/product"}],"about":[{"href":"https:\/\/streetmarkets.fr\/app\/wp-json\/wp\/v2\/types\/product"}],"replies":[{"embeddable":true,"href":"https:\/\/streetmarkets.fr\/app\/wp-json\/wp\/v2\/comments?post=1399210"}],"wp:featuredmedia":[{"embeddable":true,"href":"https:\/\/streetmarkets.fr\/app\/wp-json\/wp\/v2\/media\/1399211"}],"wp:attachment":[{"href":"https:\/\/streetmarkets.fr\/app\/wp-json\/wp\/v2\/media?parent=1399210"}],"wp:term":[{"taxonomy":"product_brand","embeddable":true,"href":"https:\/\/streetmarkets.fr\/app\/wp-json\/wp\/v2\/product_brand?post=1399210"},{"taxonomy":"product_cat","embeddable":true,"href":"https:\/\/streetmarkets.fr\/app\/wp-json\/wp\/v2\/product_cat?post=1399210"},{"taxonomy":"product_tag","embeddable":true,"href":"https:\/\/streetmarkets.fr\/app\/wp-json\/wp\/v2\/product_tag?post=1399210"}],"curies":[{"name":"wp","href":"https:\/\/api.w.org\/{rel}","templated":true}]}}