{"id":1398992,"date":"2025-02-20T05:47:51","date_gmt":"2025-02-20T04:47:51","guid":{"rendered":"https:\/\/streetmarkets.fr\/app\/produit\/long-island-wallet\/"},"modified":"2026-03-16T05:44:51","modified_gmt":"2026-03-16T04:44:51","slug":"long-island-wallet","status":"publish","type":"product","link":"https:\/\/streetmarkets.fr\/app\/produit\/long-island-wallet\/","title":{"rendered":"Long Island Wallet"},"content":{"rendered":"<p><strong><em>CET ARTICLE EST DISPONIBLE A LA VENTE UNIQUEMENT DANS NOTRE BOUTIQUE.<\/em><\/strong><\/p>\n<p>Inspir\u00e9 du c\u00e9l\u00e8bre\u00a0<strong>Isola Wallet<\/strong>, le portefeuille <strong>Long Island<\/strong> sign\u00e9 <strong>Il Bussetto<\/strong> allie \u00e9l\u00e9gance et praticit\u00e9 avec son format allong\u00e9 et sa fermeture zipp\u00e9e s\u00e9curis\u00e9e. Con\u00e7u en cuir v\u00e9g\u00e9tal tann\u00e9 et peint \u00e0 la main, il se distingue par ses finitions artisanales et son int\u00e9rieur en cuir naturel.<\/p>\n<h4>\n<strong>Caract\u00e9ristiques<\/strong> :<\/h4>\n<p><strong>&#8211; Cuir v\u00e9ritable<\/strong> : cuir v\u00e9g\u00e9tal tann\u00e9, int\u00e9rieur en cuir naturel<br \/><strong>&#8211; Finitions artisanales<\/strong> : peint \u00e0 la main avec des couleurs naturelles<br \/><strong>&#8211; Rangement optimis\u00e9<\/strong> : 6 emplacements pour cartes et un compartiment zipp\u00e9 pour la monnaie<br \/><strong>&#8211; Fermeture s\u00e9curis\u00e9e<\/strong> : zip int\u00e9gral pour prot\u00e9ger vos essentiels<br \/><strong>&#8211; D\u00e9tails raffin\u00e9s<\/strong> : logo emboss\u00e9 discr\u00e8tement sur l\u2019ext\u00e9rieur<br \/><strong>&#8211; Dimensions \u00e9l\u00e9gantes<\/strong> : 20 x 9 x 2 cm<\/p>\n<p>Un compagnon sophistiqu\u00e9 pour ceux qui recherchent un portefeuille spacieux, fonctionnel et intemporel.<\/p>\n","protected":false},"excerpt":{"rendered":"<p>CET ARTICLE EST DISPONIBLE A LA VENTE UNIQUEMENT DANS NOTRE BOUTIQUE. Inspir\u00e9 du c\u00e9l\u00e8bre\u00a0Isola Wallet, le portefeuille Long Island sign\u00e9 Il Bussetto allie \u00e9l\u00e9gance et praticit\u00e9 avec son format allong\u00e9 et sa fermeture zipp\u00e9e s\u00e9curis\u00e9e. Con\u00e7u en cuir v\u00e9g\u00e9tal tann\u00e9 et peint \u00e0 la main, il se distingue par ses finitions artisanales et son int\u00e9rieur [&hellip;]<\/p>\n","protected":false},"featured_media":1398993,"comment_status":"open","ping_status":"closed","template":"","meta":[],"product_brand":[],"product_cat":[1756,1760],"product_tag":[2244],"acf":[],"_links":{"self":[{"href":"https:\/\/streetmarkets.fr\/app\/wp-json\/wp\/v2\/product\/1398992"}],"collection":[{"href":"https:\/\/streetmarkets.fr\/app\/wp-json\/wp\/v2\/product"}],"about":[{"href":"https:\/\/streetmarkets.fr\/app\/wp-json\/wp\/v2\/types\/product"}],"replies":[{"embeddable":true,"href":"https:\/\/streetmarkets.fr\/app\/wp-json\/wp\/v2\/comments?post=1398992"}],"wp:featuredmedia":[{"embeddable":true,"href":"https:\/\/streetmarkets.fr\/app\/wp-json\/wp\/v2\/media\/1398993"}],"wp:attachment":[{"href":"https:\/\/streetmarkets.fr\/app\/wp-json\/wp\/v2\/media?parent=1398992"}],"wp:term":[{"taxonomy":"product_brand","embeddable":true,"href":"https:\/\/streetmarkets.fr\/app\/wp-json\/wp\/v2\/product_brand?post=1398992"},{"taxonomy":"product_cat","embeddable":true,"href":"https:\/\/streetmarkets.fr\/app\/wp-json\/wp\/v2\/product_cat?post=1398992"},{"taxonomy":"product_tag","embeddable":true,"href":"https:\/\/streetmarkets.fr\/app\/wp-json\/wp\/v2\/product_tag?post=1398992"}],"curies":[{"name":"wp","href":"https:\/\/api.w.org\/{rel}","templated":true}]}}