{"id":1398875,"date":"2025-02-20T05:47:19","date_gmt":"2025-02-20T04:47:19","guid":{"rendered":"https:\/\/streetmarkets.fr\/app\/produit\/bi-fold-wallet-with-bill-comp\/"},"modified":"2026-03-16T05:44:22","modified_gmt":"2026-03-16T04:44:22","slug":"bi-fold-wallet-with-bill-comp","status":"publish","type":"product","link":"https:\/\/streetmarkets.fr\/app\/produit\/bi-fold-wallet-with-bill-comp\/","title":{"rendered":"Bi Fold Wallet With Bill Comp"},"content":{"rendered":"<p>\u00c9l\u00e9gant et intemporel, ce portefeuille\u00a0<strong>Bi-Fold<\/strong> sign\u00e9 <strong>Il Bussetto<\/strong> est un essentiel raffin\u00e9 pour ceux qui recherchent un accessoire \u00e0 la fois <strong>sobre et fonctionnel<\/strong>. Con\u00e7u en cuir v\u00e9g\u00e9tal tann\u00e9 et peint \u00e0 la main avec des pigments naturels, il se distingue par la qualit\u00e9 de ses finitions et son toucher unique.<\/p>\n<h4>\n<strong>Caract\u00e9ristiques<\/strong> :<\/h4>\n<p><strong>&#8211; Cuir v\u00e9ritable<\/strong> : cuir v\u00e9g\u00e9tal tann\u00e9, int\u00e9rieur en cuir naturel<br \/><strong>&#8211; Finitions artisanales<\/strong> : peint \u00e0 la main avec des couleurs naturelles<br \/><strong>&#8211; Agencement optimal<\/strong> : 8 emplacements pour cartes, 2 compartiments \u00e0 billets et 2 poches pour re\u00e7us<br \/><strong>&#8211; Int\u00e9rieur raffin\u00e9<\/strong> : doublure en tissu et logo emboss\u00e9 discret<br \/><strong>&#8211; Dimensions id\u00e9ales <\/strong>: 11,5 x 9 x 2 cm<\/p>\n<p>Un compagnon du quotidien qui allie style et praticit\u00e9, parfait pour les amateurs de belle maroquinerie, \u00e0 retrouver chez Harold Paris.<\/p>\n","protected":false},"excerpt":{"rendered":"<p>\u00c9l\u00e9gant et intemporel, ce portefeuille\u00a0Bi-Fold sign\u00e9 Il Bussetto est un essentiel raffin\u00e9 pour ceux qui recherchent un accessoire \u00e0 la fois sobre et fonctionnel. Con\u00e7u en cuir v\u00e9g\u00e9tal tann\u00e9 et peint \u00e0 la main avec des pigments naturels, il se distingue par la qualit\u00e9 de ses finitions et son toucher unique. Caract\u00e9ristiques : &#8211; Cuir [&hellip;]<\/p>\n","protected":false},"featured_media":1398876,"comment_status":"open","ping_status":"closed","template":"","meta":[],"product_brand":[],"product_cat":[1756,1760],"product_tag":[2244],"acf":[],"_links":{"self":[{"href":"https:\/\/streetmarkets.fr\/app\/wp-json\/wp\/v2\/product\/1398875"}],"collection":[{"href":"https:\/\/streetmarkets.fr\/app\/wp-json\/wp\/v2\/product"}],"about":[{"href":"https:\/\/streetmarkets.fr\/app\/wp-json\/wp\/v2\/types\/product"}],"replies":[{"embeddable":true,"href":"https:\/\/streetmarkets.fr\/app\/wp-json\/wp\/v2\/comments?post=1398875"}],"wp:featuredmedia":[{"embeddable":true,"href":"https:\/\/streetmarkets.fr\/app\/wp-json\/wp\/v2\/media\/1398876"}],"wp:attachment":[{"href":"https:\/\/streetmarkets.fr\/app\/wp-json\/wp\/v2\/media?parent=1398875"}],"wp:term":[{"taxonomy":"product_brand","embeddable":true,"href":"https:\/\/streetmarkets.fr\/app\/wp-json\/wp\/v2\/product_brand?post=1398875"},{"taxonomy":"product_cat","embeddable":true,"href":"https:\/\/streetmarkets.fr\/app\/wp-json\/wp\/v2\/product_cat?post=1398875"},{"taxonomy":"product_tag","embeddable":true,"href":"https:\/\/streetmarkets.fr\/app\/wp-json\/wp\/v2\/product_tag?post=1398875"}],"curies":[{"name":"wp","href":"https:\/\/api.w.org\/{rel}","templated":true}]}}