{"id":1389291,"date":"2025-02-19T01:19:43","date_gmt":"2025-02-19T00:19:43","guid":{"rendered":"https:\/\/streetmarkets.fr\/app\/produit\/outerwear-veste-s25-homme-navy\/"},"modified":"2025-10-02T01:59:25","modified_gmt":"2025-10-01T23:59:25","slug":"outerwear-veste-s25-homme-navy","status":"publish","type":"product","link":"https:\/\/streetmarkets.fr\/app\/produit\/outerwear-veste-s25-homme-navy\/","title":{"rendered":"Outerwear Veste (S25 \/ HOMME \/ Navy)"},"content":{"rendered":"<p>Pi\u00e8ce indispensable du vestiaire masculin, cette veste zipp\u00e9e en coton conf\u00e8re une silhouette structur\u00e9e. Munie d\u2019un col chemise, elle d\u00e9voile deux poches poitrine \u00e0 rabat et deux poches zipp\u00e9es lat\u00e9rales. <\/p>\n<p>&#8211; Veste en coton Homme<br \/>\n<br \/>&#8211; Col chemise<br \/>\n<br \/>&#8211; Fermeture zipp\u00e9e<br \/>\n<br \/>&#8211; 2 poches poitrine \u00e0 rabat<br \/>\n<br \/>&#8211; 2 poches zipp\u00e9es lat\u00e9rales<br \/>\n<br \/>&#8211; Manches longues<br \/>\n<br \/>&#8211; Coupe regular<\/p>\n","protected":false},"excerpt":{"rendered":"<p>Pi\u00e8ce indispensable du vestiaire masculin, cette veste zipp\u00e9e en coton conf\u00e8re une silhouette structur\u00e9e. Munie d\u2019un col chemise, elle d\u00e9voile deux poches poitrine \u00e0 rabat et deux poches zipp\u00e9es lat\u00e9rales. &#8211; Veste en coton Homme &#8211; Col chemise &#8211; Fermeture zipp\u00e9e &#8211; 2 poches poitrine \u00e0 rabat &#8211; 2 poches zipp\u00e9es lat\u00e9rales &#8211; Manches longues [&hellip;]<\/p>\n","protected":false},"featured_media":1389292,"comment_status":"open","ping_status":"closed","template":"","meta":[],"product_brand":[6868],"product_cat":[1756,1758],"product_tag":[2244],"acf":[],"_links":{"self":[{"href":"https:\/\/streetmarkets.fr\/app\/wp-json\/wp\/v2\/product\/1389291"}],"collection":[{"href":"https:\/\/streetmarkets.fr\/app\/wp-json\/wp\/v2\/product"}],"about":[{"href":"https:\/\/streetmarkets.fr\/app\/wp-json\/wp\/v2\/types\/product"}],"replies":[{"embeddable":true,"href":"https:\/\/streetmarkets.fr\/app\/wp-json\/wp\/v2\/comments?post=1389291"}],"wp:featuredmedia":[{"embeddable":true,"href":"https:\/\/streetmarkets.fr\/app\/wp-json\/wp\/v2\/media\/1389292"}],"wp:attachment":[{"href":"https:\/\/streetmarkets.fr\/app\/wp-json\/wp\/v2\/media?parent=1389291"}],"wp:term":[{"taxonomy":"product_brand","embeddable":true,"href":"https:\/\/streetmarkets.fr\/app\/wp-json\/wp\/v2\/product_brand?post=1389291"},{"taxonomy":"product_cat","embeddable":true,"href":"https:\/\/streetmarkets.fr\/app\/wp-json\/wp\/v2\/product_cat?post=1389291"},{"taxonomy":"product_tag","embeddable":true,"href":"https:\/\/streetmarkets.fr\/app\/wp-json\/wp\/v2\/product_tag?post=1389291"}],"curies":[{"name":"wp","href":"https:\/\/api.w.org\/{rel}","templated":true}]}}