{"id":1389273,"date":"2025-02-19T01:19:41","date_gmt":"2025-02-19T00:19:41","guid":{"rendered":"https:\/\/streetmarkets.fr\/app\/produit\/pull-col-camionneur-fils-bicolores-s25-femme-passion-red\/"},"modified":"2025-08-16T01:51:16","modified_gmt":"2025-08-15T23:51:16","slug":"pull-col-camionneur-fils-bicolores-s25-femme-passion-red","status":"publish","type":"product","link":"https:\/\/streetmarkets.fr\/app\/produit\/pull-col-camionneur-fils-bicolores-s25-femme-passion-red\/","title":{"rendered":"Pull Col Camionneur Fils Bicolores (S25 \/ FEMME \/ Passion Red)"},"content":{"rendered":"<p>Ce pull en cachemire 4 fils est twist\u00e9 de fils bicolores pour un effet ray\u00e9 contrast\u00e9. Avec une coupe oversize et d\u00e9contract\u00e9e, il est muni d&#8217;un col camionneur, de manches longues et de bords c\u00f4tel\u00e9s. <\/p>\n<p>&#8211; Pull en cachemire 4 fils certifi\u00e9 GCS\u00ae Femme<br \/>\n<br \/>&#8211; Fils bicolores<br \/>\n<br \/>&#8211; Col camionneur<br \/>\n<br \/>&#8211; Manches longues<br \/>\n<br \/>&#8211; Bords c\u00f4tel\u00e9s<br \/>\n<br \/>&#8211; Coupe oversize<br \/>\n<br \/>&#8211; Le Good Cashmere Standard\u00ae (GCS) est une norme ind\u00e9pendante pour un cachemire plus durable et plus responsable. Il vise \u00e0 am\u00e9liorer le bien-\u00eatre des ch\u00e8vres cachemire, les conditions de travail des \u00e9leveurs ainsi qu&#8217;\u00e0 prot\u00e9ger l&#8217;environnement.<\/p>\n","protected":false},"excerpt":{"rendered":"<p>Ce pull en cachemire 4 fils est twist\u00e9 de fils bicolores pour un effet ray\u00e9 contrast\u00e9. Avec une coupe oversize et d\u00e9contract\u00e9e, il est muni d&#8217;un col camionneur, de manches longues et de bords c\u00f4tel\u00e9s. &#8211; Pull en cachemire 4 fils certifi\u00e9 GCS\u00ae Femme &#8211; Fils bicolores &#8211; Col camionneur &#8211; Manches longues &#8211; Bords [&hellip;]<\/p>\n","protected":false},"featured_media":1389274,"comment_status":"open","ping_status":"closed","template":"","meta":[],"product_brand":[6868],"product_cat":[1756,1762],"product_tag":[2244],"acf":[],"_links":{"self":[{"href":"https:\/\/streetmarkets.fr\/app\/wp-json\/wp\/v2\/product\/1389273"}],"collection":[{"href":"https:\/\/streetmarkets.fr\/app\/wp-json\/wp\/v2\/product"}],"about":[{"href":"https:\/\/streetmarkets.fr\/app\/wp-json\/wp\/v2\/types\/product"}],"replies":[{"embeddable":true,"href":"https:\/\/streetmarkets.fr\/app\/wp-json\/wp\/v2\/comments?post=1389273"}],"wp:featuredmedia":[{"embeddable":true,"href":"https:\/\/streetmarkets.fr\/app\/wp-json\/wp\/v2\/media\/1389274"}],"wp:attachment":[{"href":"https:\/\/streetmarkets.fr\/app\/wp-json\/wp\/v2\/media?parent=1389273"}],"wp:term":[{"taxonomy":"product_brand","embeddable":true,"href":"https:\/\/streetmarkets.fr\/app\/wp-json\/wp\/v2\/product_brand?post=1389273"},{"taxonomy":"product_cat","embeddable":true,"href":"https:\/\/streetmarkets.fr\/app\/wp-json\/wp\/v2\/product_cat?post=1389273"},{"taxonomy":"product_tag","embeddable":true,"href":"https:\/\/streetmarkets.fr\/app\/wp-json\/wp\/v2\/product_tag?post=1389273"}],"curies":[{"name":"wp","href":"https:\/\/api.w.org\/{rel}","templated":true}]}}