{"id":1389265,"date":"2025-02-19T01:19:40","date_gmt":"2025-02-19T00:19:40","guid":{"rendered":"https:\/\/streetmarkets.fr\/app\/produit\/pull-col-rond-coeur-brode-s25-homme-gris-chine-clair\/"},"modified":"2025-08-18T01:51:05","modified_gmt":"2025-08-17T23:51:05","slug":"pull-col-rond-coeur-brode-s25-homme-gris-chine-clair","status":"publish","type":"product","link":"https:\/\/streetmarkets.fr\/app\/produit\/pull-col-rond-coeur-brode-s25-homme-gris-chine-clair\/","title":{"rendered":"Pull Col Rond C\u0153ur Brod\u00e9 (S25 \/ HOMME \/ Gris Chin\u00e9 Clair)"},"content":{"rendered":"<p>Coup de c\u0153ur assur\u00e9 pour ce pull court, rehauss\u00e9 d\u2019une broderie \u00e0 la poitrine. Confectionn\u00e9 en cachemire 2 fils, il est muni d&#8217;un col rond et de manches longues contrast\u00e9s. Il s&#8217;adopte sans effort avec un jean ample ou un jogging casual. <\/p>\n<p>&#8211; Pull bicolore en cachemire 2 fils certifi\u00e9 GCS\u00ae Homme<br \/>\n<br \/>&#8211; Broderie c\u0153ur sur la poitrine<br \/>\n<br \/>&#8211; Col rond<br \/>\n<br \/>&#8211; Manches longues<br \/>\n<br \/>&#8211; Bords c\u00f4tel\u00e9s<br \/>\n<br \/>&#8211; Coupe regular<br \/>\n<br \/>&#8211; Le Good Cashmere Standard\u00ae (GCS) est une norme ind\u00e9pendante pour un cachemire plus durable et plus responsable. Il vise \u00e0 am\u00e9liorer le bien-\u00eatre des ch\u00e8vres cachemire, les conditions de travail des \u00e9leveurs ainsi qu&#8217;\u00e0 prot\u00e9ger l\u2019environnement.<\/p>\n","protected":false},"excerpt":{"rendered":"<p>Coup de c\u0153ur assur\u00e9 pour ce pull court, rehauss\u00e9 d\u2019une broderie \u00e0 la poitrine. Confectionn\u00e9 en cachemire 2 fils, il est muni d&#8217;un col rond et de manches longues contrast\u00e9s. Il s&#8217;adopte sans effort avec un jean ample ou un jogging casual. &#8211; Pull bicolore en cachemire 2 fils certifi\u00e9 GCS\u00ae Homme &#8211; Broderie c\u0153ur [&hellip;]<\/p>\n","protected":false},"featured_media":1389266,"comment_status":"open","ping_status":"closed","template":"","meta":[],"product_brand":[6868],"product_cat":[1756,1758],"product_tag":[2244],"acf":[],"_links":{"self":[{"href":"https:\/\/streetmarkets.fr\/app\/wp-json\/wp\/v2\/product\/1389265"}],"collection":[{"href":"https:\/\/streetmarkets.fr\/app\/wp-json\/wp\/v2\/product"}],"about":[{"href":"https:\/\/streetmarkets.fr\/app\/wp-json\/wp\/v2\/types\/product"}],"replies":[{"embeddable":true,"href":"https:\/\/streetmarkets.fr\/app\/wp-json\/wp\/v2\/comments?post=1389265"}],"wp:featuredmedia":[{"embeddable":true,"href":"https:\/\/streetmarkets.fr\/app\/wp-json\/wp\/v2\/media\/1389266"}],"wp:attachment":[{"href":"https:\/\/streetmarkets.fr\/app\/wp-json\/wp\/v2\/media?parent=1389265"}],"wp:term":[{"taxonomy":"product_brand","embeddable":true,"href":"https:\/\/streetmarkets.fr\/app\/wp-json\/wp\/v2\/product_brand?post=1389265"},{"taxonomy":"product_cat","embeddable":true,"href":"https:\/\/streetmarkets.fr\/app\/wp-json\/wp\/v2\/product_cat?post=1389265"},{"taxonomy":"product_tag","embeddable":true,"href":"https:\/\/streetmarkets.fr\/app\/wp-json\/wp\/v2\/product_tag?post=1389265"}],"curies":[{"name":"wp","href":"https:\/\/api.w.org\/{rel}","templated":true}]}}