{"id":1389253,"date":"2025-02-19T01:19:39","date_gmt":"2025-02-19T00:19:39","guid":{"rendered":"https:\/\/streetmarkets.fr\/app\/produit\/chemise-manches-longues-s25-homme-bleu-ciel\/"},"modified":"2025-08-18T01:51:04","modified_gmt":"2025-08-17T23:51:04","slug":"chemise-manches-longues-s25-homme-bleu-ciel","status":"publish","type":"product","link":"https:\/\/streetmarkets.fr\/app\/produit\/chemise-manches-longues-s25-homme-bleu-ciel\/","title":{"rendered":"Chemise Manches Longues C\u0153ur Brod\u00e9 (S25 \/ HOMME \/ Bleu Ciel)"},"content":{"rendered":"<p>Cette chemise structur\u00e9e d\u00e9voile un c\u0153ur d\u00e9licatement brod\u00e9 et surpiqu\u00e9 sur la poitrine. Munie d&#8217;un col chemise et de manches longues, elle d\u00e9voile une fermeture et des poignets boutonn\u00e9s pour une silhouette sophistiqu\u00e9e.<\/p>\n<p>&#8211; Chemise Homme <br \/>&#8211; Broderie c\u0153ur surpiqu\u00e9 <br \/>&#8211; Col chemise <br \/>&#8211; Fermeture boutonn\u00e9e <br \/>&#8211; Manches longues <br \/>&#8211; Poignets boutonn\u00e9s <br \/>&#8211; Coupe regular<\/p>\n","protected":false},"excerpt":{"rendered":"<p>Cette chemise structur\u00e9e d\u00e9voile un c\u0153ur d\u00e9licatement brod\u00e9 et surpiqu\u00e9 sur la poitrine. Munie d&#8217;un col chemise et de manches longues, elle d\u00e9voile une fermeture et des poignets boutonn\u00e9s pour une silhouette sophistiqu\u00e9e. &#8211; Chemise Homme &#8211; Broderie c\u0153ur surpiqu\u00e9 &#8211; Col chemise &#8211; Fermeture boutonn\u00e9e &#8211; Manches longues &#8211; Poignets boutonn\u00e9s &#8211; Coupe regular<\/p>\n","protected":false},"featured_media":1389254,"comment_status":"open","ping_status":"closed","template":"","meta":[],"product_brand":[6868],"product_cat":[1756,1758],"product_tag":[2244],"acf":[],"_links":{"self":[{"href":"https:\/\/streetmarkets.fr\/app\/wp-json\/wp\/v2\/product\/1389253"}],"collection":[{"href":"https:\/\/streetmarkets.fr\/app\/wp-json\/wp\/v2\/product"}],"about":[{"href":"https:\/\/streetmarkets.fr\/app\/wp-json\/wp\/v2\/types\/product"}],"replies":[{"embeddable":true,"href":"https:\/\/streetmarkets.fr\/app\/wp-json\/wp\/v2\/comments?post=1389253"}],"wp:featuredmedia":[{"embeddable":true,"href":"https:\/\/streetmarkets.fr\/app\/wp-json\/wp\/v2\/media\/1389254"}],"wp:attachment":[{"href":"https:\/\/streetmarkets.fr\/app\/wp-json\/wp\/v2\/media?parent=1389253"}],"wp:term":[{"taxonomy":"product_brand","embeddable":true,"href":"https:\/\/streetmarkets.fr\/app\/wp-json\/wp\/v2\/product_brand?post=1389253"},{"taxonomy":"product_cat","embeddable":true,"href":"https:\/\/streetmarkets.fr\/app\/wp-json\/wp\/v2\/product_cat?post=1389253"},{"taxonomy":"product_tag","embeddable":true,"href":"https:\/\/streetmarkets.fr\/app\/wp-json\/wp\/v2\/product_tag?post=1389253"}],"curies":[{"name":"wp","href":"https:\/\/api.w.org\/{rel}","templated":true}]}}