{"id":1389245,"date":"2025-02-19T01:19:16","date_gmt":"2025-02-19T00:19:16","guid":{"rendered":"https:\/\/streetmarkets.fr\/app\/produit\/foulard-regular-bandes-multicolores-s25-accessoires-beige-chine\/"},"modified":"2025-08-25T01:51:01","modified_gmt":"2025-08-24T23:51:01","slug":"foulard-regular-bandes-multicolores-s25-accessoires-beige-chine","status":"publish","type":"product","link":"https:\/\/streetmarkets.fr\/app\/produit\/foulard-regular-bandes-multicolores-s25-accessoires-beige-chine\/","title":{"rendered":"Foulard Regular Bandes Multicolores (S25 \/ ACCESSOIRES \/ Beige Chin\u00e9)"},"content":{"rendered":"<p>&#8211; Foulard carr\u00e9 en cachemire 2 fils certifi\u00e9 GCS\u00ae<br \/>\n<br \/>&#8211; Bandes multicolores<br \/>\n<br \/>&#8211; 55&#215;55 cm<br \/>\n<br \/>&#8211; Le Good Cashmere Standard\u00ae (GCS) est une norme ind\u00e9pendante pour un cachemire plus durable et plus responsable. Il vise \u00e0 am\u00e9liorer le bien-\u00eatre des ch\u00e8vres cachemire, les conditions de travail des \u00e9leveurs ainsi qu&#8217;\u00e0 prot\u00e9ger l&#8217;environnement.<\/p>\n","protected":false},"excerpt":{"rendered":"<p>&#8211; Foulard carr\u00e9 en cachemire 2 fils certifi\u00e9 GCS\u00ae &#8211; Bandes multicolores &#8211; 55&#215;55 cm &#8211; Le Good Cashmere Standard\u00ae (GCS) est une norme ind\u00e9pendante pour un cachemire plus durable et plus responsable. Il vise \u00e0 am\u00e9liorer le bien-\u00eatre des ch\u00e8vres cachemire, les conditions de travail des \u00e9leveurs ainsi qu&#8217;\u00e0 prot\u00e9ger l&#8217;environnement.<\/p>\n","protected":false},"featured_media":1389246,"comment_status":"open","ping_status":"closed","template":"","meta":[],"product_brand":[6868],"product_cat":[1756,1764],"product_tag":[2244],"acf":[],"_links":{"self":[{"href":"https:\/\/streetmarkets.fr\/app\/wp-json\/wp\/v2\/product\/1389245"}],"collection":[{"href":"https:\/\/streetmarkets.fr\/app\/wp-json\/wp\/v2\/product"}],"about":[{"href":"https:\/\/streetmarkets.fr\/app\/wp-json\/wp\/v2\/types\/product"}],"replies":[{"embeddable":true,"href":"https:\/\/streetmarkets.fr\/app\/wp-json\/wp\/v2\/comments?post=1389245"}],"wp:featuredmedia":[{"embeddable":true,"href":"https:\/\/streetmarkets.fr\/app\/wp-json\/wp\/v2\/media\/1389246"}],"wp:attachment":[{"href":"https:\/\/streetmarkets.fr\/app\/wp-json\/wp\/v2\/media?parent=1389245"}],"wp:term":[{"taxonomy":"product_brand","embeddable":true,"href":"https:\/\/streetmarkets.fr\/app\/wp-json\/wp\/v2\/product_brand?post=1389245"},{"taxonomy":"product_cat","embeddable":true,"href":"https:\/\/streetmarkets.fr\/app\/wp-json\/wp\/v2\/product_cat?post=1389245"},{"taxonomy":"product_tag","embeddable":true,"href":"https:\/\/streetmarkets.fr\/app\/wp-json\/wp\/v2\/product_tag?post=1389245"}],"curies":[{"name":"wp","href":"https:\/\/api.w.org\/{rel}","templated":true}]}}