{"id":1389166,"date":"2025-02-19T01:19:08","date_gmt":"2025-02-19T00:19:08","guid":{"rendered":"https:\/\/streetmarkets.fr\/app\/produit\/pull-hoodie-dont-mess-with-the-future-s25-femme-noir\/"},"modified":"2025-08-16T01:51:15","modified_gmt":"2025-08-15T23:51:15","slug":"pull-hoodie-dont-mess-with-the-future-s25-femme-noir","status":"publish","type":"product","link":"https:\/\/streetmarkets.fr\/app\/produit\/pull-hoodie-dont-mess-with-the-future-s25-femme-noir\/","title":{"rendered":"Pull Hoodie Don&#8217;t Mess With The Future (S25 \/ FEMME \/ Noir)"},"content":{"rendered":"<p>&#8211; Pull hoodie en cachemire 2 fils certifi\u00e9 GCS\u00ae Femme<br \/>\n<br \/>&#8211; Broderie intarsia &#8220;Don&#8217;t mess with the Future&#8221; au dos<br \/>\n<br \/>&#8211; Capuche \u00e0 cordons<br \/>\n<br \/>&#8211; Manches longues<br \/>\n<br \/>&#8211; Poche avant<br \/>\n<br \/>&#8211; Bords c\u00f4tel\u00e9s<br \/>\n<br \/>&#8211; Coupe regular<br \/>\n<br \/>&#8211; Le Good Cashmere Standard\u00ae (GCS) est une norme ind\u00e9pendante pour un cachemire plus durable et plus responsable. Il vise \u00e0 am\u00e9liorer le bien-\u00eatre des ch\u00e8vres cachemire, les conditions de travail des \u00e9leveurs ainsi qu&#8217;\u00e0 prot\u00e9ger l&#8217;environnement.<\/p>\n","protected":false},"excerpt":{"rendered":"<p>&#8211; Pull hoodie en cachemire 2 fils certifi\u00e9 GCS\u00ae Femme &#8211; Broderie intarsia &#8220;Don&#8217;t mess with the Future&#8221; au dos &#8211; Capuche \u00e0 cordons &#8211; Manches longues &#8211; Poche avant &#8211; Bords c\u00f4tel\u00e9s &#8211; Coupe regular &#8211; Le Good Cashmere Standard\u00ae (GCS) est une norme ind\u00e9pendante pour un cachemire plus durable et plus responsable. Il [&hellip;]<\/p>\n","protected":false},"featured_media":1389167,"comment_status":"open","ping_status":"closed","template":"","meta":[],"product_brand":[6868],"product_cat":[1756,1762],"product_tag":[2244],"acf":[],"_links":{"self":[{"href":"https:\/\/streetmarkets.fr\/app\/wp-json\/wp\/v2\/product\/1389166"}],"collection":[{"href":"https:\/\/streetmarkets.fr\/app\/wp-json\/wp\/v2\/product"}],"about":[{"href":"https:\/\/streetmarkets.fr\/app\/wp-json\/wp\/v2\/types\/product"}],"replies":[{"embeddable":true,"href":"https:\/\/streetmarkets.fr\/app\/wp-json\/wp\/v2\/comments?post=1389166"}],"wp:featuredmedia":[{"embeddable":true,"href":"https:\/\/streetmarkets.fr\/app\/wp-json\/wp\/v2\/media\/1389167"}],"wp:attachment":[{"href":"https:\/\/streetmarkets.fr\/app\/wp-json\/wp\/v2\/media?parent=1389166"}],"wp:term":[{"taxonomy":"product_brand","embeddable":true,"href":"https:\/\/streetmarkets.fr\/app\/wp-json\/wp\/v2\/product_brand?post=1389166"},{"taxonomy":"product_cat","embeddable":true,"href":"https:\/\/streetmarkets.fr\/app\/wp-json\/wp\/v2\/product_cat?post=1389166"},{"taxonomy":"product_tag","embeddable":true,"href":"https:\/\/streetmarkets.fr\/app\/wp-json\/wp\/v2\/product_tag?post=1389166"}],"curies":[{"name":"wp","href":"https:\/\/api.w.org\/{rel}","templated":true}]}}