{"id":1389076,"date":"2025-02-19T01:05:55","date_gmt":"2025-02-19T00:05:55","guid":{"rendered":"https:\/\/streetmarkets.fr\/app\/produit\/nouveau-vanessa-bruno-robe-aina-chocolat\/"},"modified":"2025-09-17T02:07:13","modified_gmt":"2025-09-17T00:07:13","slug":"nouveau-vanessa-bruno-robe-aina-chocolat","status":"publish","type":"product","link":"https:\/\/streetmarkets.fr\/app\/produit\/nouveau-vanessa-bruno-robe-aina-chocolat\/","title":{"rendered":"VANESSA BRUNO Robe Aina Chocolat"},"content":{"rendered":"<p data-rte-preserve-empty=\"true\">Robe longue en soie, coupe ample, d\u00e9collet\u00e9 en v, bretelles ajustable et \u00e0 nouer dans le dos. Douce et fluide sur la peau. <\/p>\n<p data-rte-preserve-empty=\"true\">D\u00e9tail : 100% soie <\/p>\n","protected":false},"excerpt":{"rendered":"<p>Robe longue en soie, coupe ample, d\u00e9collet\u00e9 en v, bretelles ajustable et \u00e0 nouer dans le dos. Douce et fluide sur la peau. D\u00e9tail : 100% soie<\/p>\n","protected":false},"featured_media":1389077,"comment_status":"open","ping_status":"closed","template":"","meta":[],"product_brand":[],"product_cat":[1756,1762],"product_tag":[2244],"acf":[],"_links":{"self":[{"href":"https:\/\/streetmarkets.fr\/app\/wp-json\/wp\/v2\/product\/1389076"}],"collection":[{"href":"https:\/\/streetmarkets.fr\/app\/wp-json\/wp\/v2\/product"}],"about":[{"href":"https:\/\/streetmarkets.fr\/app\/wp-json\/wp\/v2\/types\/product"}],"replies":[{"embeddable":true,"href":"https:\/\/streetmarkets.fr\/app\/wp-json\/wp\/v2\/comments?post=1389076"}],"wp:featuredmedia":[{"embeddable":true,"href":"https:\/\/streetmarkets.fr\/app\/wp-json\/wp\/v2\/media\/1389077"}],"wp:attachment":[{"href":"https:\/\/streetmarkets.fr\/app\/wp-json\/wp\/v2\/media?parent=1389076"}],"wp:term":[{"taxonomy":"product_brand","embeddable":true,"href":"https:\/\/streetmarkets.fr\/app\/wp-json\/wp\/v2\/product_brand?post=1389076"},{"taxonomy":"product_cat","embeddable":true,"href":"https:\/\/streetmarkets.fr\/app\/wp-json\/wp\/v2\/product_cat?post=1389076"},{"taxonomy":"product_tag","embeddable":true,"href":"https:\/\/streetmarkets.fr\/app\/wp-json\/wp\/v2\/product_tag?post=1389076"}],"curies":[{"name":"wp","href":"https:\/\/api.w.org\/{rel}","templated":true}]}}