{"id":1389062,"date":"2025-02-19T01:05:54","date_gmt":"2025-02-19T00:05:54","guid":{"rendered":"https:\/\/streetmarkets.fr\/app\/produit\/nouveau-vanessa-bruno-robe-aina-floral\/"},"modified":"2026-05-13T02:00:33","modified_gmt":"2026-05-13T00:00:33","slug":"nouveau-vanessa-bruno-robe-aina-floral","status":"publish","type":"product","link":"https:\/\/streetmarkets.fr\/app\/produit\/nouveau-vanessa-bruno-robe-aina-floral\/","title":{"rendered":"VANESSA BRUNO Robe Aina Floral"},"content":{"rendered":"<p data-rte-preserve-empty=\"true\">Robe longue et fluide  \u00e0 motif floral, coupe ample et l\u00e9g\u00e8rement resserr\u00e9e \u00e0 la taille, d\u00e9collet\u00e9 en v, bretelles ajustables et \u00e0 nouer dans le dos. <\/p>\n<p data-rte-preserve-empty=\"true\">D\u00e9tail : 100% viscose<\/p>\n","protected":false},"excerpt":{"rendered":"<p>Robe longue et fluide \u00e0 motif floral, coupe ample et l\u00e9g\u00e8rement resserr\u00e9e \u00e0 la taille, d\u00e9collet\u00e9 en v, bretelles ajustables et \u00e0 nouer dans le dos. D\u00e9tail : 100% viscose<\/p>\n","protected":false},"featured_media":1389063,"comment_status":"open","ping_status":"closed","template":"","meta":[],"product_brand":[],"product_cat":[1756,1762],"product_tag":[2244],"acf":[],"_links":{"self":[{"href":"https:\/\/streetmarkets.fr\/app\/wp-json\/wp\/v2\/product\/1389062"}],"collection":[{"href":"https:\/\/streetmarkets.fr\/app\/wp-json\/wp\/v2\/product"}],"about":[{"href":"https:\/\/streetmarkets.fr\/app\/wp-json\/wp\/v2\/types\/product"}],"replies":[{"embeddable":true,"href":"https:\/\/streetmarkets.fr\/app\/wp-json\/wp\/v2\/comments?post=1389062"}],"wp:featuredmedia":[{"embeddable":true,"href":"https:\/\/streetmarkets.fr\/app\/wp-json\/wp\/v2\/media\/1389063"}],"wp:attachment":[{"href":"https:\/\/streetmarkets.fr\/app\/wp-json\/wp\/v2\/media?parent=1389062"}],"wp:term":[{"taxonomy":"product_brand","embeddable":true,"href":"https:\/\/streetmarkets.fr\/app\/wp-json\/wp\/v2\/product_brand?post=1389062"},{"taxonomy":"product_cat","embeddable":true,"href":"https:\/\/streetmarkets.fr\/app\/wp-json\/wp\/v2\/product_cat?post=1389062"},{"taxonomy":"product_tag","embeddable":true,"href":"https:\/\/streetmarkets.fr\/app\/wp-json\/wp\/v2\/product_tag?post=1389062"}],"curies":[{"name":"wp","href":"https:\/\/api.w.org\/{rel}","templated":true}]}}