{"id":1389055,"date":"2025-02-19T01:05:09","date_gmt":"2025-02-19T00:05:09","guid":{"rendered":"https:\/\/streetmarkets.fr\/app\/produit\/nouveau-masscob-pull-vedra-sugar\/"},"modified":"2025-08-30T02:05:10","modified_gmt":"2025-08-30T00:05:10","slug":"nouveau-masscob-pull-vedra-sugar","status":"publish","type":"product","link":"https:\/\/streetmarkets.fr\/app\/produit\/nouveau-masscob-pull-vedra-sugar\/","title":{"rendered":"MASSCOB Pull Vedra Sugar"},"content":{"rendered":"<p data-rte-preserve-empty=\"true\">Pull en lin coupe droite, manches courtes, encolure arrondie, mati\u00e8re toute douce, \u00e9galement disponible dans la couleur Aloe.<\/p>\n<p data-rte-preserve-empty=\"true\">D\u00e9tail : 100% lin<\/p>\n","protected":false},"excerpt":{"rendered":"<p>Pull en lin coupe droite, manches courtes, encolure arrondie, mati\u00e8re toute douce, \u00e9galement disponible dans la couleur Aloe. D\u00e9tail : 100% lin<\/p>\n","protected":false},"featured_media":1389056,"comment_status":"open","ping_status":"closed","template":"","meta":[],"product_brand":[],"product_cat":[1756,1762],"product_tag":[2244],"acf":[],"_links":{"self":[{"href":"https:\/\/streetmarkets.fr\/app\/wp-json\/wp\/v2\/product\/1389055"}],"collection":[{"href":"https:\/\/streetmarkets.fr\/app\/wp-json\/wp\/v2\/product"}],"about":[{"href":"https:\/\/streetmarkets.fr\/app\/wp-json\/wp\/v2\/types\/product"}],"replies":[{"embeddable":true,"href":"https:\/\/streetmarkets.fr\/app\/wp-json\/wp\/v2\/comments?post=1389055"}],"wp:featuredmedia":[{"embeddable":true,"href":"https:\/\/streetmarkets.fr\/app\/wp-json\/wp\/v2\/media\/1389056"}],"wp:attachment":[{"href":"https:\/\/streetmarkets.fr\/app\/wp-json\/wp\/v2\/media?parent=1389055"}],"wp:term":[{"taxonomy":"product_brand","embeddable":true,"href":"https:\/\/streetmarkets.fr\/app\/wp-json\/wp\/v2\/product_brand?post=1389055"},{"taxonomy":"product_cat","embeddable":true,"href":"https:\/\/streetmarkets.fr\/app\/wp-json\/wp\/v2\/product_cat?post=1389055"},{"taxonomy":"product_tag","embeddable":true,"href":"https:\/\/streetmarkets.fr\/app\/wp-json\/wp\/v2\/product_tag?post=1389055"}],"curies":[{"name":"wp","href":"https:\/\/api.w.org\/{rel}","templated":true}]}}