{"id":1389048,"date":"2025-02-19T01:04:56","date_gmt":"2025-02-19T00:04:56","guid":{"rendered":"https:\/\/streetmarkets.fr\/app\/produit\/nouveau-masscob-pantalon-tomir-atlantic\/"},"modified":"2026-03-18T00:59:40","modified_gmt":"2026-03-17T23:59:40","slug":"nouveau-masscob-pantalon-tomir-atlantic","status":"publish","type":"product","link":"https:\/\/streetmarkets.fr\/app\/produit\/nouveau-masscob-pantalon-tomir-atlantic\/","title":{"rendered":"MASSCOB Pantalon Laine Tomir Atlantic -50%"},"content":{"rendered":"<p data-rte-preserve-empty=\"true\">Pantalon comfy en laine, jambes droites et larges, taille \u00e9lastique, deux poches lat\u00e9rales, confortable et \u00e9l\u00e9gant. Attention, sur la derni\u00e8re photo le pantalon n\u2019est pas de la bonne couleur il s\u2019agit d\u2019une photo du mod\u00e8le port\u00e9, nous vendons le pantalon dans la couleur Bleu Atlantic, pas Beige \ud83d\ude42<\/p>\n<p data-rte-preserve-empty=\"true\">D\u00e9tail : 97% laine vierge, 3% \u00e9lasthanne<\/p>\n","protected":false},"excerpt":{"rendered":"<p>Pantalon comfy en laine, jambes droites et larges, taille \u00e9lastique, deux poches lat\u00e9rales, confortable et \u00e9l\u00e9gant. Attention, sur la derni\u00e8re photo le pantalon n\u2019est pas de la bonne couleur il s\u2019agit d\u2019une photo du mod\u00e8le port\u00e9, nous vendons le pantalon dans la couleur Bleu Atlantic, pas Beige \ud83d\ude42 D\u00e9tail : 97% laine vierge, 3% \u00e9lasthanne<\/p>\n","protected":false},"featured_media":1389049,"comment_status":"open","ping_status":"closed","template":"","meta":[],"product_brand":[],"product_cat":[1756,1762],"product_tag":[2244],"acf":[],"_links":{"self":[{"href":"https:\/\/streetmarkets.fr\/app\/wp-json\/wp\/v2\/product\/1389048"}],"collection":[{"href":"https:\/\/streetmarkets.fr\/app\/wp-json\/wp\/v2\/product"}],"about":[{"href":"https:\/\/streetmarkets.fr\/app\/wp-json\/wp\/v2\/types\/product"}],"replies":[{"embeddable":true,"href":"https:\/\/streetmarkets.fr\/app\/wp-json\/wp\/v2\/comments?post=1389048"}],"wp:featuredmedia":[{"embeddable":true,"href":"https:\/\/streetmarkets.fr\/app\/wp-json\/wp\/v2\/media\/1389049"}],"wp:attachment":[{"href":"https:\/\/streetmarkets.fr\/app\/wp-json\/wp\/v2\/media?parent=1389048"}],"wp:term":[{"taxonomy":"product_brand","embeddable":true,"href":"https:\/\/streetmarkets.fr\/app\/wp-json\/wp\/v2\/product_brand?post=1389048"},{"taxonomy":"product_cat","embeddable":true,"href":"https:\/\/streetmarkets.fr\/app\/wp-json\/wp\/v2\/product_cat?post=1389048"},{"taxonomy":"product_tag","embeddable":true,"href":"https:\/\/streetmarkets.fr\/app\/wp-json\/wp\/v2\/product_tag?post=1389048"}],"curies":[{"name":"wp","href":"https:\/\/api.w.org\/{rel}","templated":true}]}}