{"id":1389045,"date":"2025-02-19T01:02:44","date_gmt":"2025-02-19T00:02:44","guid":{"rendered":"https:\/\/streetmarkets.fr\/app\/produit\/nouveau-vanessa-bruno-sac-bourse-raphia-bordeaux-precommande\/"},"modified":"2025-09-17T02:07:10","modified_gmt":"2025-09-17T00:07:10","slug":"nouveau-vanessa-bruno-sac-bourse-raphia-bordeaux-precommande","status":"publish","type":"product","link":"https:\/\/streetmarkets.fr\/app\/produit\/nouveau-vanessa-bruno-sac-bourse-raphia-bordeaux-precommande\/","title":{"rendered":"VANESSA BRUNO Panier en Raphia Bordeaux"},"content":{"rendered":"<p data-rte-preserve-empty=\"true\">Joli petit panier en raphia \u00e0 motifs graphiques, une bandouli\u00e8re en cuir pour un port\u00e9 \u00e9paule ou bandouli\u00e8re, se referme par un fermoir aimant. Enti\u00e8rement r\u00e9alis\u00e9 \u00e0 la main. Ses dimensions : 22,5cm x 30cm x 11cm Hauteur bandouli\u00e8re : 40cm<\/p>\n<p data-rte-preserve-empty=\"true\">D\u00e9tail : Mati\u00e8re principale : 100% raphia et mati\u00e8re secondaire : 100% cuir v\u00e9ritable<\/p>\n","protected":false},"excerpt":{"rendered":"<p>Joli petit panier en raphia \u00e0 motifs graphiques, une bandouli\u00e8re en cuir pour un port\u00e9 \u00e9paule ou bandouli\u00e8re, se referme par un fermoir aimant. Enti\u00e8rement r\u00e9alis\u00e9 \u00e0 la main. Ses dimensions : 22,5cm x 30cm x 11cm Hauteur bandouli\u00e8re : 40cm D\u00e9tail : Mati\u00e8re principale : 100% raphia et mati\u00e8re secondaire : 100% cuir v\u00e9ritable<\/p>\n","protected":false},"featured_media":1389046,"comment_status":"open","ping_status":"closed","template":"","meta":[],"product_brand":[],"product_cat":[1756,1764],"product_tag":[2244],"acf":[],"_links":{"self":[{"href":"https:\/\/streetmarkets.fr\/app\/wp-json\/wp\/v2\/product\/1389045"}],"collection":[{"href":"https:\/\/streetmarkets.fr\/app\/wp-json\/wp\/v2\/product"}],"about":[{"href":"https:\/\/streetmarkets.fr\/app\/wp-json\/wp\/v2\/types\/product"}],"replies":[{"embeddable":true,"href":"https:\/\/streetmarkets.fr\/app\/wp-json\/wp\/v2\/comments?post=1389045"}],"wp:featuredmedia":[{"embeddable":true,"href":"https:\/\/streetmarkets.fr\/app\/wp-json\/wp\/v2\/media\/1389046"}],"wp:attachment":[{"href":"https:\/\/streetmarkets.fr\/app\/wp-json\/wp\/v2\/media?parent=1389045"}],"wp:term":[{"taxonomy":"product_brand","embeddable":true,"href":"https:\/\/streetmarkets.fr\/app\/wp-json\/wp\/v2\/product_brand?post=1389045"},{"taxonomy":"product_cat","embeddable":true,"href":"https:\/\/streetmarkets.fr\/app\/wp-json\/wp\/v2\/product_cat?post=1389045"},{"taxonomy":"product_tag","embeddable":true,"href":"https:\/\/streetmarkets.fr\/app\/wp-json\/wp\/v2\/product_tag?post=1389045"}],"curies":[{"name":"wp","href":"https:\/\/api.w.org\/{rel}","templated":true}]}}