{"id":1389042,"date":"2025-02-19T01:02:44","date_gmt":"2025-02-19T00:02:44","guid":{"rendered":"https:\/\/streetmarkets.fr\/app\/produit\/nouveau-vanessa-bruno-sac-cabas-raphia-bordeaux-precommande\/"},"modified":"2025-04-02T02:08:05","modified_gmt":"2025-04-02T00:08:05","slug":"nouveau-vanessa-bruno-sac-cabas-raphia-bordeaux-precommande","status":"publish","type":"product","link":"https:\/\/streetmarkets.fr\/app\/produit\/nouveau-vanessa-bruno-sac-cabas-raphia-bordeaux-precommande\/","title":{"rendered":"Nouveau ! VANESSA BRUNO Panier en Raphia Bordeaux"},"content":{"rendered":"<p data-rte-preserve-empty=\"true\">Cabas en raphia \u00e0 motifs graphiques, deux anses en cuir pour un port\u00e9 main ou \u00e9paule. Enti\u00e8rement r\u00e9alis\u00e9 \u00e0 la main. Ses dimensions : 27cm x 47cm x 18cm Hauteur des anses : 30cm<\/p>\n<p data-rte-preserve-empty=\"true\">D\u00e9tail : Mati\u00e8re principale : 100% raphia et mati\u00e8re secondaire : 100% cuir v\u00e9ritable<\/p>\n","protected":false},"excerpt":{"rendered":"<p>Cabas en raphia \u00e0 motifs graphiques, deux anses en cuir pour un port\u00e9 main ou \u00e9paule. Enti\u00e8rement r\u00e9alis\u00e9 \u00e0 la main. Ses dimensions : 27cm x 47cm x 18cm Hauteur des anses : 30cm D\u00e9tail : Mati\u00e8re principale : 100% raphia et mati\u00e8re secondaire : 100% cuir v\u00e9ritable<\/p>\n","protected":false},"featured_media":1389043,"comment_status":"open","ping_status":"closed","template":"","meta":[],"product_brand":[],"product_cat":[1756,1764],"product_tag":[2244],"acf":[],"_links":{"self":[{"href":"https:\/\/streetmarkets.fr\/app\/wp-json\/wp\/v2\/product\/1389042"}],"collection":[{"href":"https:\/\/streetmarkets.fr\/app\/wp-json\/wp\/v2\/product"}],"about":[{"href":"https:\/\/streetmarkets.fr\/app\/wp-json\/wp\/v2\/types\/product"}],"replies":[{"embeddable":true,"href":"https:\/\/streetmarkets.fr\/app\/wp-json\/wp\/v2\/comments?post=1389042"}],"wp:featuredmedia":[{"embeddable":true,"href":"https:\/\/streetmarkets.fr\/app\/wp-json\/wp\/v2\/media\/1389043"}],"wp:attachment":[{"href":"https:\/\/streetmarkets.fr\/app\/wp-json\/wp\/v2\/media?parent=1389042"}],"wp:term":[{"taxonomy":"product_brand","embeddable":true,"href":"https:\/\/streetmarkets.fr\/app\/wp-json\/wp\/v2\/product_brand?post=1389042"},{"taxonomy":"product_cat","embeddable":true,"href":"https:\/\/streetmarkets.fr\/app\/wp-json\/wp\/v2\/product_cat?post=1389042"},{"taxonomy":"product_tag","embeddable":true,"href":"https:\/\/streetmarkets.fr\/app\/wp-json\/wp\/v2\/product_tag?post=1389042"}],"curies":[{"name":"wp","href":"https:\/\/api.w.org\/{rel}","templated":true}]}}