{"id":1389030,"date":"2025-02-19T01:02:43","date_gmt":"2025-02-19T00:02:43","guid":{"rendered":"https:\/\/streetmarkets.fr\/app\/produit\/nouveau-vanessa-bruno-sac-cabas-textile-tilleul-precommande\/"},"modified":"2025-09-17T02:07:09","modified_gmt":"2025-09-17T00:07:09","slug":"nouveau-vanessa-bruno-sac-cabas-textile-tilleul-precommande","status":"publish","type":"product","link":"https:\/\/streetmarkets.fr\/app\/produit\/nouveau-vanessa-bruno-sac-cabas-textile-tilleul-precommande\/","title":{"rendered":"VANESSA BRUNO Panier Berlingot en Jute Tilleul -50%"},"content":{"rendered":"<p data-rte-preserve-empty=\"true\">Panier Berlingot en jute \u00e0 motifs graphiques, deux anses joliment torsad\u00e9es pour un port\u00e9 main ou \u00e9paule. Ses dimensions : 36cm x 45cm x 20cm Hauteur des anses 27,5cm. \u00c9galement disponible dans la couleur Bordeaux.<\/p>\n<p data-rte-preserve-empty=\"true\">D\u00e9tail : Mati\u00e8re principale : 100% jute<\/p>\n","protected":false},"excerpt":{"rendered":"<p>Panier Berlingot en jute \u00e0 motifs graphiques, deux anses joliment torsad\u00e9es pour un port\u00e9 main ou \u00e9paule. Ses dimensions : 36cm x 45cm x 20cm Hauteur des anses 27,5cm. \u00c9galement disponible dans la couleur Bordeaux. D\u00e9tail : Mati\u00e8re principale : 100% jute<\/p>\n","protected":false},"featured_media":1389031,"comment_status":"open","ping_status":"closed","template":"","meta":[],"product_brand":[],"product_cat":[1756,1764],"product_tag":[2244],"acf":[],"_links":{"self":[{"href":"https:\/\/streetmarkets.fr\/app\/wp-json\/wp\/v2\/product\/1389030"}],"collection":[{"href":"https:\/\/streetmarkets.fr\/app\/wp-json\/wp\/v2\/product"}],"about":[{"href":"https:\/\/streetmarkets.fr\/app\/wp-json\/wp\/v2\/types\/product"}],"replies":[{"embeddable":true,"href":"https:\/\/streetmarkets.fr\/app\/wp-json\/wp\/v2\/comments?post=1389030"}],"wp:featuredmedia":[{"embeddable":true,"href":"https:\/\/streetmarkets.fr\/app\/wp-json\/wp\/v2\/media\/1389031"}],"wp:attachment":[{"href":"https:\/\/streetmarkets.fr\/app\/wp-json\/wp\/v2\/media?parent=1389030"}],"wp:term":[{"taxonomy":"product_brand","embeddable":true,"href":"https:\/\/streetmarkets.fr\/app\/wp-json\/wp\/v2\/product_brand?post=1389030"},{"taxonomy":"product_cat","embeddable":true,"href":"https:\/\/streetmarkets.fr\/app\/wp-json\/wp\/v2\/product_cat?post=1389030"},{"taxonomy":"product_tag","embeddable":true,"href":"https:\/\/streetmarkets.fr\/app\/wp-json\/wp\/v2\/product_tag?post=1389030"}],"curies":[{"name":"wp","href":"https:\/\/api.w.org\/{rel}","templated":true}]}}