{"id":1389024,"date":"2025-02-19T01:02:42","date_gmt":"2025-02-19T00:02:42","guid":{"rendered":"https:\/\/streetmarkets.fr\/app\/produit\/nouveau-vanessa-bruno-sac-cabas-en-coton-terracotta-precommande\/"},"modified":"2025-09-17T02:07:09","modified_gmt":"2025-09-17T00:07:09","slug":"nouveau-vanessa-bruno-sac-cabas-en-coton-terracotta-precommande","status":"publish","type":"product","link":"https:\/\/streetmarkets.fr\/app\/produit\/nouveau-vanessa-bruno-sac-cabas-en-coton-terracotta-precommande\/","title":{"rendered":"VANESSA BRUNO Sac Berlingot en Coton Bordeaux -40%"},"content":{"rendered":"<p data-rte-preserve-empty=\"true\">Sac Berlingot souple en macram\u00e9 de coton, deux anses joliment tress\u00e9es pour un port\u00e9 main ou \u00e9paule. \u00c9galement disponible dans la couleur Pistache. Ses dimensions : 36cm x 45cm x 20cm Hauteur des anses : 27,5cm<\/p>\n<p data-rte-preserve-empty=\"true\">D\u00e9tail : 100% coton<\/p>\n","protected":false},"excerpt":{"rendered":"<p>Sac Berlingot souple en macram\u00e9 de coton, deux anses joliment tress\u00e9es pour un port\u00e9 main ou \u00e9paule. \u00c9galement disponible dans la couleur Pistache. Ses dimensions : 36cm x 45cm x 20cm Hauteur des anses : 27,5cm D\u00e9tail : 100% coton<\/p>\n","protected":false},"featured_media":1389025,"comment_status":"open","ping_status":"closed","template":"","meta":[],"product_brand":[],"product_cat":[1756,1764],"product_tag":[2244],"acf":[],"_links":{"self":[{"href":"https:\/\/streetmarkets.fr\/app\/wp-json\/wp\/v2\/product\/1389024"}],"collection":[{"href":"https:\/\/streetmarkets.fr\/app\/wp-json\/wp\/v2\/product"}],"about":[{"href":"https:\/\/streetmarkets.fr\/app\/wp-json\/wp\/v2\/types\/product"}],"replies":[{"embeddable":true,"href":"https:\/\/streetmarkets.fr\/app\/wp-json\/wp\/v2\/comments?post=1389024"}],"wp:featuredmedia":[{"embeddable":true,"href":"https:\/\/streetmarkets.fr\/app\/wp-json\/wp\/v2\/media\/1389025"}],"wp:attachment":[{"href":"https:\/\/streetmarkets.fr\/app\/wp-json\/wp\/v2\/media?parent=1389024"}],"wp:term":[{"taxonomy":"product_brand","embeddable":true,"href":"https:\/\/streetmarkets.fr\/app\/wp-json\/wp\/v2\/product_brand?post=1389024"},{"taxonomy":"product_cat","embeddable":true,"href":"https:\/\/streetmarkets.fr\/app\/wp-json\/wp\/v2\/product_cat?post=1389024"},{"taxonomy":"product_tag","embeddable":true,"href":"https:\/\/streetmarkets.fr\/app\/wp-json\/wp\/v2\/product_tag?post=1389024"}],"curies":[{"name":"wp","href":"https:\/\/api.w.org\/{rel}","templated":true}]}}