{"id":1383294,"date":"2025-02-18T01:13:54","date_gmt":"2025-02-18T00:13:54","guid":{"rendered":"https:\/\/streetmarkets.fr\/app\/produit\/jupe-mini-s25-femme-leopard\/"},"modified":"2025-08-11T01:53:57","modified_gmt":"2025-08-10T23:53:57","slug":"jupe-mini-s25-femme-leopard","status":"publish","type":"product","link":"https:\/\/streetmarkets.fr\/app\/produit\/jupe-mini-s25-femme-leopard\/","title":{"rendered":"Jupe Mini Casey (S25 \/ FEMME \/ Leopard)"},"content":{"rendered":"<p>L\u2019imprim\u00e9 phare de la saison, le l\u00e9opard, s\u2019invite sur cette mini jupe. \u00c9lastiqu\u00e9e \u00e0 la taille, elle d\u00e9voile des bords effet ondul\u00e9 pour une allure chic en toute l\u00e9g\u00e8ret\u00e9. Elle s\u2019adopte en total look avec le top coordonn\u00e9.<\/p>\n<p>&#8211; Mini jupe Femme<br \/>\n<br \/>&#8211; Imprim\u00e9 l\u00e9opard<br \/>\n<br \/>&#8211; Taille \u00e9lastiqu\u00e9e<br \/>\n<br \/>&#8211; Bords effet ondul\u00e9<br \/>\n<br \/>&#8211; Coupe regular<\/p>\n","protected":false},"excerpt":{"rendered":"<p>L\u2019imprim\u00e9 phare de la saison, le l\u00e9opard, s\u2019invite sur cette mini jupe. \u00c9lastiqu\u00e9e \u00e0 la taille, elle d\u00e9voile des bords effet ondul\u00e9 pour une allure chic en toute l\u00e9g\u00e8ret\u00e9. Elle s\u2019adopte en total look avec le top coordonn\u00e9. &#8211; Mini jupe Femme &#8211; Imprim\u00e9 l\u00e9opard &#8211; Taille \u00e9lastiqu\u00e9e &#8211; Bords effet ondul\u00e9 &#8211; Coupe regular<\/p>\n","protected":false},"featured_media":1383295,"comment_status":"open","ping_status":"closed","template":"","meta":[],"product_brand":[6868],"product_cat":[1756,1762],"product_tag":[2244],"acf":[],"_links":{"self":[{"href":"https:\/\/streetmarkets.fr\/app\/wp-json\/wp\/v2\/product\/1383294"}],"collection":[{"href":"https:\/\/streetmarkets.fr\/app\/wp-json\/wp\/v2\/product"}],"about":[{"href":"https:\/\/streetmarkets.fr\/app\/wp-json\/wp\/v2\/types\/product"}],"replies":[{"embeddable":true,"href":"https:\/\/streetmarkets.fr\/app\/wp-json\/wp\/v2\/comments?post=1383294"}],"wp:featuredmedia":[{"embeddable":true,"href":"https:\/\/streetmarkets.fr\/app\/wp-json\/wp\/v2\/media\/1383295"}],"wp:attachment":[{"href":"https:\/\/streetmarkets.fr\/app\/wp-json\/wp\/v2\/media?parent=1383294"}],"wp:term":[{"taxonomy":"product_brand","embeddable":true,"href":"https:\/\/streetmarkets.fr\/app\/wp-json\/wp\/v2\/product_brand?post=1383294"},{"taxonomy":"product_cat","embeddable":true,"href":"https:\/\/streetmarkets.fr\/app\/wp-json\/wp\/v2\/product_cat?post=1383294"},{"taxonomy":"product_tag","embeddable":true,"href":"https:\/\/streetmarkets.fr\/app\/wp-json\/wp\/v2\/product_tag?post=1383294"}],"curies":[{"name":"wp","href":"https:\/\/api.w.org\/{rel}","templated":true}]}}