{"id":1383275,"date":"2025-02-18T01:13:53","date_gmt":"2025-02-18T00:13:53","guid":{"rendered":"https:\/\/streetmarkets.fr\/app\/produit\/robe-longue-bretelles-s25-femme-passion-sky\/"},"modified":"2025-08-18T01:52:08","modified_gmt":"2025-08-17T23:52:08","slug":"robe-longue-bretelles-s25-femme-passion-sky","status":"publish","type":"product","link":"https:\/\/streetmarkets.fr\/app\/produit\/robe-longue-bretelles-s25-femme-passion-sky\/","title":{"rendered":"Robe Longue Bretelles Gigi (S25 \/ FEMME \/ Passion Sky)"},"content":{"rendered":"<p>&#8211; Robe longue en satin de soie Femme<br \/>\n<br \/>&#8211; Imprim\u00e9 flout\u00e9<br \/>\n<br \/>&#8211; D\u00e9collet\u00e9 en V<br \/>\n<br \/>&#8211; Bretelles fines ajustables<br \/>\n<br \/>&#8211; Bas \u00e9vas\u00e9<br \/>\n<br \/>&#8211; Coupe slim<\/p>\n","protected":false},"excerpt":{"rendered":"<p>&#8211; Robe longue en satin de soie Femme &#8211; Imprim\u00e9 flout\u00e9 &#8211; D\u00e9collet\u00e9 en V &#8211; Bretelles fines ajustables &#8211; Bas \u00e9vas\u00e9 &#8211; Coupe slim<\/p>\n","protected":false},"featured_media":1383276,"comment_status":"open","ping_status":"closed","template":"","meta":[],"product_brand":[6868],"product_cat":[1756,1762],"product_tag":[2244],"acf":[],"_links":{"self":[{"href":"https:\/\/streetmarkets.fr\/app\/wp-json\/wp\/v2\/product\/1383275"}],"collection":[{"href":"https:\/\/streetmarkets.fr\/app\/wp-json\/wp\/v2\/product"}],"about":[{"href":"https:\/\/streetmarkets.fr\/app\/wp-json\/wp\/v2\/types\/product"}],"replies":[{"embeddable":true,"href":"https:\/\/streetmarkets.fr\/app\/wp-json\/wp\/v2\/comments?post=1383275"}],"wp:featuredmedia":[{"embeddable":true,"href":"https:\/\/streetmarkets.fr\/app\/wp-json\/wp\/v2\/media\/1383276"}],"wp:attachment":[{"href":"https:\/\/streetmarkets.fr\/app\/wp-json\/wp\/v2\/media?parent=1383275"}],"wp:term":[{"taxonomy":"product_brand","embeddable":true,"href":"https:\/\/streetmarkets.fr\/app\/wp-json\/wp\/v2\/product_brand?post=1383275"},{"taxonomy":"product_cat","embeddable":true,"href":"https:\/\/streetmarkets.fr\/app\/wp-json\/wp\/v2\/product_cat?post=1383275"},{"taxonomy":"product_tag","embeddable":true,"href":"https:\/\/streetmarkets.fr\/app\/wp-json\/wp\/v2\/product_tag?post=1383275"}],"curies":[{"name":"wp","href":"https:\/\/api.w.org\/{rel}","templated":true}]}}