{"id":1383240,"date":"2025-02-18T01:13:51","date_gmt":"2025-02-18T00:13:51","guid":{"rendered":"https:\/\/streetmarkets.fr\/app\/produit\/pantalon-large-s25-femme-chocolat\/"},"modified":"2025-10-02T01:59:24","modified_gmt":"2025-10-01T23:59:24","slug":"pantalon-large-s25-femme-chocolat","status":"publish","type":"product","link":"https:\/\/streetmarkets.fr\/app\/produit\/pantalon-large-s25-femme-chocolat\/","title":{"rendered":"Pantalon Large Adama (S25 \/ FEMME \/ Chocolat)"},"content":{"rendered":"<p>&#8211; Pantalon long et droit en satin de soie Femme<br \/>\n<br \/>&#8211; Taille \u00e9lastiqu\u00e9e au dos et petit n\u0153ud<br \/>\n<br \/>&#8211; Coupe slim<\/p>\n","protected":false},"excerpt":{"rendered":"<p>&#8211; Pantalon long et droit en satin de soie Femme &#8211; Taille \u00e9lastiqu\u00e9e au dos et petit n\u0153ud &#8211; Coupe slim<\/p>\n","protected":false},"featured_media":1383241,"comment_status":"open","ping_status":"closed","template":"","meta":[],"product_brand":[6868],"product_cat":[1756,1762],"product_tag":[2244],"acf":[],"_links":{"self":[{"href":"https:\/\/streetmarkets.fr\/app\/wp-json\/wp\/v2\/product\/1383240"}],"collection":[{"href":"https:\/\/streetmarkets.fr\/app\/wp-json\/wp\/v2\/product"}],"about":[{"href":"https:\/\/streetmarkets.fr\/app\/wp-json\/wp\/v2\/types\/product"}],"replies":[{"embeddable":true,"href":"https:\/\/streetmarkets.fr\/app\/wp-json\/wp\/v2\/comments?post=1383240"}],"wp:featuredmedia":[{"embeddable":true,"href":"https:\/\/streetmarkets.fr\/app\/wp-json\/wp\/v2\/media\/1383241"}],"wp:attachment":[{"href":"https:\/\/streetmarkets.fr\/app\/wp-json\/wp\/v2\/media?parent=1383240"}],"wp:term":[{"taxonomy":"product_brand","embeddable":true,"href":"https:\/\/streetmarkets.fr\/app\/wp-json\/wp\/v2\/product_brand?post=1383240"},{"taxonomy":"product_cat","embeddable":true,"href":"https:\/\/streetmarkets.fr\/app\/wp-json\/wp\/v2\/product_cat?post=1383240"},{"taxonomy":"product_tag","embeddable":true,"href":"https:\/\/streetmarkets.fr\/app\/wp-json\/wp\/v2\/product_tag?post=1383240"}],"curies":[{"name":"wp","href":"https:\/\/api.w.org\/{rel}","templated":true}]}}