{"id":1382637,"date":"2025-02-17T05:48:09","date_gmt":"2025-02-17T04:48:09","guid":{"rendered":"https:\/\/streetmarkets.fr\/app\/produit\/raphael-shorts-2-0\/"},"modified":"2026-03-16T05:45:20","modified_gmt":"2026-03-16T04:45:20","slug":"raphael-shorts-2-0","status":"publish","type":"product","link":"https:\/\/streetmarkets.fr\/app\/produit\/raphael-shorts-2-0\/","title":{"rendered":"Raphael Shorts 2.0"},"content":{"rendered":"<p data-start=\"37\" data-end=\"297\">Con\u00e7u pour allier l\u00e9g\u00e8ret\u00e9 et performance, le <strong data-start=\"83\" data-end=\"105\">Raphael Shorts 2.0<\/strong> de <strong data-start=\"109\" data-end=\"121\">Les Deux<\/strong> est le compagnon id\u00e9al des journ\u00e9es actives. Fabriqu\u00e9 dans un <strong data-start=\"184\" data-end=\"230\">m\u00e9lange technique de nylon et d\u2019\u00e9lasthanne<\/strong>, il offre une grande libert\u00e9 de mouvement et un confort optimal.<\/p>\n<p data-start=\"299\" data-end=\"585\">Sa <strong data-start=\"302\" data-end=\"319\">coupe regular<\/strong> est rehauss\u00e9e de <strong data-start=\"337\" data-end=\"357\">fentes lat\u00e9rales<\/strong> pour une meilleure aisance, tandis que l\u2019<strong data-start=\"399\" data-end=\"450\">inscription discr\u00e8te de la marque sur la cuisse<\/strong> apporte une touche subtile de style. Dot\u00e9 de <strong data-start=\"496\" data-end=\"546\">poches lat\u00e9rales et d\u2019une poche arri\u00e8re unique<\/strong>, il allie praticit\u00e9 et design \u00e9pur\u00e9.<\/p>\n<p data-start=\"587\" data-end=\"727\">Un essentiel du vestiaire masculin, parfait pour un look sportif ou casual, \u00e0 retrouver d\u00e8s maintenant chez <strong data-start=\"695\" data-end=\"705\">Harold<\/strong>, au c\u0153ur du Marais.<\/p>\n","protected":false},"excerpt":{"rendered":"<p>Con\u00e7u pour allier l\u00e9g\u00e8ret\u00e9 et performance, le Raphael Shorts 2.0 de Les Deux est le compagnon id\u00e9al des journ\u00e9es actives. Fabriqu\u00e9 dans un m\u00e9lange technique de nylon et d\u2019\u00e9lasthanne, il offre une grande libert\u00e9 de mouvement et un confort optimal. Sa coupe regular est rehauss\u00e9e de fentes lat\u00e9rales pour une meilleure aisance, tandis que l\u2019inscription [&hellip;]<\/p>\n","protected":false},"featured_media":1382638,"comment_status":"open","ping_status":"closed","template":"","meta":[],"product_brand":[],"product_cat":[1756,1758],"product_tag":[2244],"acf":[],"_links":{"self":[{"href":"https:\/\/streetmarkets.fr\/app\/wp-json\/wp\/v2\/product\/1382637"}],"collection":[{"href":"https:\/\/streetmarkets.fr\/app\/wp-json\/wp\/v2\/product"}],"about":[{"href":"https:\/\/streetmarkets.fr\/app\/wp-json\/wp\/v2\/types\/product"}],"replies":[{"embeddable":true,"href":"https:\/\/streetmarkets.fr\/app\/wp-json\/wp\/v2\/comments?post=1382637"}],"wp:featuredmedia":[{"embeddable":true,"href":"https:\/\/streetmarkets.fr\/app\/wp-json\/wp\/v2\/media\/1382638"}],"wp:attachment":[{"href":"https:\/\/streetmarkets.fr\/app\/wp-json\/wp\/v2\/media?parent=1382637"}],"wp:term":[{"taxonomy":"product_brand","embeddable":true,"href":"https:\/\/streetmarkets.fr\/app\/wp-json\/wp\/v2\/product_brand?post=1382637"},{"taxonomy":"product_cat","embeddable":true,"href":"https:\/\/streetmarkets.fr\/app\/wp-json\/wp\/v2\/product_cat?post=1382637"},{"taxonomy":"product_tag","embeddable":true,"href":"https:\/\/streetmarkets.fr\/app\/wp-json\/wp\/v2\/product_tag?post=1382637"}],"curies":[{"name":"wp","href":"https:\/\/api.w.org\/{rel}","templated":true}]}}