{"id":1378488,"date":"2025-02-17T00:39:03","date_gmt":"2025-02-16T23:39:03","guid":{"rendered":"https:\/\/streetmarkets.fr\/app\/produit\/ballerines-camila-leopard\/"},"modified":"2025-03-24T00:39:11","modified_gmt":"2025-03-23T23:39:11","slug":"ballerines-camila-leopard","status":"publish","type":"product","link":"https:\/\/streetmarkets.fr\/app\/produit\/ballerines-camila-leopard\/","title":{"rendered":"Ballerines Camila L\u00e9opard"},"content":{"rendered":"<p>Iconique, la ballerine s&#8217;impose de nouveau dans nos garde-robe. Pratique, l\u00e9g\u00e8re et \u00e9l\u00e9gante, tout simplement un must-have pour chaque saison. On adore son imprim\u00e9 l\u00e9opard qui la rend top tendance!<\/p>\n<p>\u2022 Fabrication artisanale au Portugal<br \/>\u2022 Cuir provenant d&#8217;Espagne et d&#8217;Italie &#8211; certifi\u00e9 LWG (Leather Working Group)<br \/>\u2022 Talon enrob\u00e9 cuir : 2 cm<\/p>\n<p><strong>Composition :\u00a0<\/strong><\/p>\n<p><span>Dessus : 100% cro\u00fbte de vachette &#8211; LWG<\/span><br \/><span>Doublure : 100% cuir de vachette &#8211; LWG<\/span><br \/><span>Semelle int\u00e9rieure : 100% cuir de vachette &#8211; LWG<\/span><br \/><span>Semelle ext\u00e9rieure : \u00e9lastom\u00e8re<\/span><\/p>\n","protected":false},"excerpt":{"rendered":"<p>Iconique, la ballerine s&#8217;impose de nouveau dans nos garde-robe. Pratique, l\u00e9g\u00e8re et \u00e9l\u00e9gante, tout simplement un must-have pour chaque saison. On adore son imprim\u00e9 l\u00e9opard qui la rend top tendance! \u2022 Fabrication artisanale au Portugal\u2022 Cuir provenant d&#8217;Espagne et d&#8217;Italie &#8211; certifi\u00e9 LWG (Leather Working Group)\u2022 Talon enrob\u00e9 cuir : 2 cm Composition :\u00a0 Dessus [&hellip;]<\/p>\n","protected":false},"featured_media":1378489,"comment_status":"open","ping_status":"closed","template":"","meta":[],"product_brand":[],"product_cat":[1756,1763],"product_tag":[1810],"acf":[],"_links":{"self":[{"href":"https:\/\/streetmarkets.fr\/app\/wp-json\/wp\/v2\/product\/1378488"}],"collection":[{"href":"https:\/\/streetmarkets.fr\/app\/wp-json\/wp\/v2\/product"}],"about":[{"href":"https:\/\/streetmarkets.fr\/app\/wp-json\/wp\/v2\/types\/product"}],"replies":[{"embeddable":true,"href":"https:\/\/streetmarkets.fr\/app\/wp-json\/wp\/v2\/comments?post=1378488"}],"wp:featuredmedia":[{"embeddable":true,"href":"https:\/\/streetmarkets.fr\/app\/wp-json\/wp\/v2\/media\/1378489"}],"wp:attachment":[{"href":"https:\/\/streetmarkets.fr\/app\/wp-json\/wp\/v2\/media?parent=1378488"}],"wp:term":[{"taxonomy":"product_brand","embeddable":true,"href":"https:\/\/streetmarkets.fr\/app\/wp-json\/wp\/v2\/product_brand?post=1378488"},{"taxonomy":"product_cat","embeddable":true,"href":"https:\/\/streetmarkets.fr\/app\/wp-json\/wp\/v2\/product_cat?post=1378488"},{"taxonomy":"product_tag","embeddable":true,"href":"https:\/\/streetmarkets.fr\/app\/wp-json\/wp\/v2\/product_tag?post=1378488"}],"curies":[{"name":"wp","href":"https:\/\/api.w.org\/{rel}","templated":true}]}}