{"id":1377048,"date":"2025-02-16T07:47:07","date_gmt":"2025-02-16T06:47:07","guid":{"rendered":"https:\/\/streetmarkets.fr\/app\/produit\/rush-low-starlight-monoblock-cream-platinium-ghoud-venice\/"},"modified":"2026-04-10T08:38:13","modified_gmt":"2026-04-10T06:38:13","slug":"rush-low-starlight-monoblock-cream-platinium-ghoud-venice","status":"publish","type":"product","link":"https:\/\/streetmarkets.fr\/app\/produit\/rush-low-starlight-monoblock-cream-platinium-ghoud-venice\/","title":{"rendered":"Rush Low Starlight Monoblock cream platinium &#8211; Ghoud Venice"},"content":{"rendered":"<p><span>C<\/span>e mod\u00e8le Ghoud Rush Starlight Monoblock pr\u00e9sente un design minimaliste caract\u00e9ris\u00e9 par des lignes g\u00e9om\u00e9triques nettes.<\/p>\n<p>La tige est en nylon avec des d\u00e9tails scintillants \u00e0 paillettes.\u00a0<\/p>\n<p>Logo brod\u00e9 sur le c\u00f4t\u00e9.<\/p>\n<p>Double la\u00e7age.<\/p>\n<ul>\n<li>semelle ext\u00e9rieure :\u00a0CAOUTCHOUC<\/li>\n<li>semelle int\u00e9rieure :\u00a0100% CUIR<\/li>\n<li>double lacet<\/li>\n<li>Tige :\u00a0nylon et glitter<\/li>\n<\/ul>\n<p>\u00a0<\/p>\n","protected":false},"excerpt":{"rendered":"<p>Ce mod\u00e8le Ghoud Rush Starlight Monoblock pr\u00e9sente un design minimaliste caract\u00e9ris\u00e9 par des lignes g\u00e9om\u00e9triques nettes. La tige est en nylon avec des d\u00e9tails scintillants \u00e0 paillettes.\u00a0 Logo brod\u00e9 sur le c\u00f4t\u00e9. Double la\u00e7age. semelle ext\u00e9rieure :\u00a0CAOUTCHOUC semelle int\u00e9rieure :\u00a0100% CUIR double lacet Tige :\u00a0nylon et glitter \u00a0<\/p>\n","protected":false},"featured_media":1377049,"comment_status":"open","ping_status":"closed","template":"","meta":[],"product_brand":[],"product_cat":[1756,1763],"product_tag":[2244],"acf":[],"_links":{"self":[{"href":"https:\/\/streetmarkets.fr\/app\/wp-json\/wp\/v2\/product\/1377048"}],"collection":[{"href":"https:\/\/streetmarkets.fr\/app\/wp-json\/wp\/v2\/product"}],"about":[{"href":"https:\/\/streetmarkets.fr\/app\/wp-json\/wp\/v2\/types\/product"}],"replies":[{"embeddable":true,"href":"https:\/\/streetmarkets.fr\/app\/wp-json\/wp\/v2\/comments?post=1377048"}],"wp:featuredmedia":[{"embeddable":true,"href":"https:\/\/streetmarkets.fr\/app\/wp-json\/wp\/v2\/media\/1377049"}],"wp:attachment":[{"href":"https:\/\/streetmarkets.fr\/app\/wp-json\/wp\/v2\/media?parent=1377048"}],"wp:term":[{"taxonomy":"product_brand","embeddable":true,"href":"https:\/\/streetmarkets.fr\/app\/wp-json\/wp\/v2\/product_brand?post=1377048"},{"taxonomy":"product_cat","embeddable":true,"href":"https:\/\/streetmarkets.fr\/app\/wp-json\/wp\/v2\/product_cat?post=1377048"},{"taxonomy":"product_tag","embeddable":true,"href":"https:\/\/streetmarkets.fr\/app\/wp-json\/wp\/v2\/product_tag?post=1377048"}],"curies":[{"name":"wp","href":"https:\/\/api.w.org\/{rel}","templated":true}]}}