{"id":1368289,"date":"2025-02-15T01:13:34","date_gmt":"2025-02-15T00:13:34","guid":{"rendered":"https:\/\/streetmarkets.fr\/app\/produit\/pull-cardigan-liserets-et-boutons-coeur-s25-femme-beige-chine\/"},"modified":"2025-09-09T01:53:04","modified_gmt":"2025-09-08T23:53:04","slug":"pull-cardigan-liserets-et-boutons-coeur-s25-femme-beige-chine","status":"publish","type":"product","link":"https:\/\/streetmarkets.fr\/app\/produit\/pull-cardigan-liserets-et-boutons-coeur-s25-femme-beige-chine\/","title":{"rendered":"Pull Cardigan Liser\u00e9s et Boutons C\u0153ur (S25 \/ FEMME \/ Beige Chin\u00e9)"},"content":{"rendered":"<p>&#8211; Pull cardigan court en cachemire 2 fils certifi\u00e9 GCS\u00ae Femme<br \/>\n<br \/>&#8211; Liser\u00e9s contrast\u00e9s<br \/>\n<br \/>&#8211; Col rond<br \/>\n<br \/>&#8211; Fermeture \u00e0 boutons c\u0153ur<br \/>\n<br \/>&#8211; Manches longues<br \/>\n<br \/>&#8211; Bords c\u00f4tel\u00e9s<br \/>\n<br \/>&#8211; Coupe slim<br \/>\n<br \/>&#8211; Le Good Cashmere Standard\u00ae (GCS) est une norme ind\u00e9pendante pour un cachemire plus durable et plus responsable. Il vise \u00e0 am\u00e9liorer le bien-\u00eatre des ch\u00e8vres cachemire, les conditions de travail des \u00e9leveurs ainsi qu&#8217;\u00e0 prot\u00e9ger l&#8217;environnement.<\/p>\n","protected":false},"excerpt":{"rendered":"<p>&#8211; Pull cardigan court en cachemire 2 fils certifi\u00e9 GCS\u00ae Femme &#8211; Liser\u00e9s contrast\u00e9s &#8211; Col rond &#8211; Fermeture \u00e0 boutons c\u0153ur &#8211; Manches longues &#8211; Bords c\u00f4tel\u00e9s &#8211; Coupe slim &#8211; Le Good Cashmere Standard\u00ae (GCS) est une norme ind\u00e9pendante pour un cachemire plus durable et plus responsable. Il vise \u00e0 am\u00e9liorer le bien-\u00eatre [&hellip;]<\/p>\n","protected":false},"featured_media":1368290,"comment_status":"open","ping_status":"closed","template":"","meta":[],"product_brand":[6868],"product_cat":[1756,1762],"product_tag":[2244],"acf":[],"_links":{"self":[{"href":"https:\/\/streetmarkets.fr\/app\/wp-json\/wp\/v2\/product\/1368289"}],"collection":[{"href":"https:\/\/streetmarkets.fr\/app\/wp-json\/wp\/v2\/product"}],"about":[{"href":"https:\/\/streetmarkets.fr\/app\/wp-json\/wp\/v2\/types\/product"}],"replies":[{"embeddable":true,"href":"https:\/\/streetmarkets.fr\/app\/wp-json\/wp\/v2\/comments?post=1368289"}],"wp:featuredmedia":[{"embeddable":true,"href":"https:\/\/streetmarkets.fr\/app\/wp-json\/wp\/v2\/media\/1368290"}],"wp:attachment":[{"href":"https:\/\/streetmarkets.fr\/app\/wp-json\/wp\/v2\/media?parent=1368289"}],"wp:term":[{"taxonomy":"product_brand","embeddable":true,"href":"https:\/\/streetmarkets.fr\/app\/wp-json\/wp\/v2\/product_brand?post=1368289"},{"taxonomy":"product_cat","embeddable":true,"href":"https:\/\/streetmarkets.fr\/app\/wp-json\/wp\/v2\/product_cat?post=1368289"},{"taxonomy":"product_tag","embeddable":true,"href":"https:\/\/streetmarkets.fr\/app\/wp-json\/wp\/v2\/product_tag?post=1368289"}],"curies":[{"name":"wp","href":"https:\/\/api.w.org\/{rel}","templated":true}]}}