{"id":1368227,"date":"2025-02-15T01:13:29","date_gmt":"2025-02-15T00:13:29","guid":{"rendered":"https:\/\/streetmarkets.fr\/app\/produit\/chemise-manches-longues-s25-homme-bleu-clair-raye\/"},"modified":"2025-08-27T01:47:24","modified_gmt":"2025-08-26T23:47:24","slug":"chemise-manches-longues-s25-homme-bleu-clair-raye","status":"publish","type":"product","link":"https:\/\/streetmarkets.fr\/app\/produit\/chemise-manches-longues-s25-homme-bleu-clair-raye\/","title":{"rendered":"Chemise Manches Longues C\u0153ur Brod\u00e9 (S25 \/ HOMME \/ Bleu Clair Raye)"},"content":{"rendered":"<p>Cette chemise \u00e0 rayures d\u00e9voile un c\u0153ur d\u00e9licatement brod\u00e9 et surpiqu\u00e9 sur la poitrine. Munie d&#8217;un col chemise et de manches longues, elle d\u00e9voile une fermeture et des poignets boutonn\u00e9s pour une silhouette sophistiqu\u00e9e.<\/p>\n<p>&#8211; Chemise Homme <br \/>&#8211; Imprim\u00e9 rayures <br \/>&#8211; Broderie c\u0153ur surpiqu\u00e9 <br \/>&#8211; Col chemise <br \/>&#8211; Fermeture boutonn\u00e9e <br \/>&#8211; Manches longues <br \/>&#8211; Poignets boutonn\u00e9s <br \/>&#8211; Coupe regular<\/p>\n","protected":false},"excerpt":{"rendered":"<p>Cette chemise \u00e0 rayures d\u00e9voile un c\u0153ur d\u00e9licatement brod\u00e9 et surpiqu\u00e9 sur la poitrine. Munie d&#8217;un col chemise et de manches longues, elle d\u00e9voile une fermeture et des poignets boutonn\u00e9s pour une silhouette sophistiqu\u00e9e. &#8211; Chemise Homme &#8211; Imprim\u00e9 rayures &#8211; Broderie c\u0153ur surpiqu\u00e9 &#8211; Col chemise &#8211; Fermeture boutonn\u00e9e &#8211; Manches longues &#8211; Poignets [&hellip;]<\/p>\n","protected":false},"featured_media":1368228,"comment_status":"open","ping_status":"closed","template":"","meta":[],"product_brand":[6868],"product_cat":[1756,1758],"product_tag":[2244],"acf":[],"_links":{"self":[{"href":"https:\/\/streetmarkets.fr\/app\/wp-json\/wp\/v2\/product\/1368227"}],"collection":[{"href":"https:\/\/streetmarkets.fr\/app\/wp-json\/wp\/v2\/product"}],"about":[{"href":"https:\/\/streetmarkets.fr\/app\/wp-json\/wp\/v2\/types\/product"}],"replies":[{"embeddable":true,"href":"https:\/\/streetmarkets.fr\/app\/wp-json\/wp\/v2\/comments?post=1368227"}],"wp:featuredmedia":[{"embeddable":true,"href":"https:\/\/streetmarkets.fr\/app\/wp-json\/wp\/v2\/media\/1368228"}],"wp:attachment":[{"href":"https:\/\/streetmarkets.fr\/app\/wp-json\/wp\/v2\/media?parent=1368227"}],"wp:term":[{"taxonomy":"product_brand","embeddable":true,"href":"https:\/\/streetmarkets.fr\/app\/wp-json\/wp\/v2\/product_brand?post=1368227"},{"taxonomy":"product_cat","embeddable":true,"href":"https:\/\/streetmarkets.fr\/app\/wp-json\/wp\/v2\/product_cat?post=1368227"},{"taxonomy":"product_tag","embeddable":true,"href":"https:\/\/streetmarkets.fr\/app\/wp-json\/wp\/v2\/product_tag?post=1368227"}],"curies":[{"name":"wp","href":"https:\/\/api.w.org\/{rel}","templated":true}]}}