{"id":1368200,"date":"2025-02-15T01:13:27","date_gmt":"2025-02-15T00:13:27","guid":{"rendered":"https:\/\/streetmarkets.fr\/app\/produit\/masque-de-ski-from-future-ski-club-h24-accessoires-hot-red\/"},"modified":"2026-01-06T00:52:53","modified_gmt":"2026-01-05T23:52:53","slug":"masque-de-ski-from-future-ski-club-h24-accessoires-hot-red","status":"publish","type":"product","link":"https:\/\/streetmarkets.fr\/app\/produit\/masque-de-ski-from-future-ski-club-h24-accessoires-hot-red\/","title":{"rendered":"Masque De Ski From Future Ski Club (H24 \/ ACCESSOIRES \/ Hot Red)"},"content":{"rendered":"<div class=\"p-rich_text_section\">\n<p data-pm-slice=\"1 1 []\">D\u00e9marquez vous sur les pistes avec notre masque de ski &#8220;SKI CLUB&#8221;. Dot\u00e9 d&#8217;une mousse \u00e9paisse, il s&#8217;ajuste ais\u00e9ment \u00e0 votre t\u00eate gr\u00e2ce \u00e0 une sangle r\u00e9glable et anti-d\u00e9rapante. La lentille offre une protection UV \u00e0 100%. Le traitement miroir sur la lentille permet de r\u00e9duire l&#8217;\u00e9blouissement.<\/p>\n<p data-pm-slice=\"1 1 []\">\n<p>&#8211; Mat\u00e9riau de la monture : TPU<\/p>\n<p>&#8211; Mat\u00e9riau des verres : PC<\/p>\n<p>&#8211; Verre cylindrique<\/p>\n<p>&#8211; Couleur des verres : Verre gris avec un rev\u00eatement miroir argent\u00e9<\/p>\n<p>&#8211; Transmittance de la lumi\u00e8re visible (VLT) : 9 %, cat\u00e9gorie 3. Convient aux situations de forte luminosit\u00e9.<\/p>\n<p>&#8211; Verres magn\u00e9tiques avec traitement anti-bu\u00e9e<\/p>\n<p>&#8211; Caoutchouc antid\u00e9rapant sur les c\u00f4t\u00e9s de la sangle, emp\u00eache la sangle de glisser du casque<\/p>\n<\/div>\n","protected":false},"excerpt":{"rendered":"<p>D\u00e9marquez vous sur les pistes avec notre masque de ski &#8220;SKI CLUB&#8221;. Dot\u00e9 d&#8217;une mousse \u00e9paisse, il s&#8217;ajuste ais\u00e9ment \u00e0 votre t\u00eate gr\u00e2ce \u00e0 une sangle r\u00e9glable et anti-d\u00e9rapante. La lentille offre une protection UV \u00e0 100%. Le traitement miroir sur la lentille permet de r\u00e9duire l&#8217;\u00e9blouissement. &#8211; Mat\u00e9riau de la monture : TPU &#8211; [&hellip;]<\/p>\n","protected":false},"featured_media":1368201,"comment_status":"open","ping_status":"closed","template":"","meta":[],"product_brand":[6868],"product_cat":[1756,1760],"product_tag":[2244],"acf":[],"_links":{"self":[{"href":"https:\/\/streetmarkets.fr\/app\/wp-json\/wp\/v2\/product\/1368200"}],"collection":[{"href":"https:\/\/streetmarkets.fr\/app\/wp-json\/wp\/v2\/product"}],"about":[{"href":"https:\/\/streetmarkets.fr\/app\/wp-json\/wp\/v2\/types\/product"}],"replies":[{"embeddable":true,"href":"https:\/\/streetmarkets.fr\/app\/wp-json\/wp\/v2\/comments?post=1368200"}],"wp:featuredmedia":[{"embeddable":true,"href":"https:\/\/streetmarkets.fr\/app\/wp-json\/wp\/v2\/media\/1368201"}],"wp:attachment":[{"href":"https:\/\/streetmarkets.fr\/app\/wp-json\/wp\/v2\/media?parent=1368200"}],"wp:term":[{"taxonomy":"product_brand","embeddable":true,"href":"https:\/\/streetmarkets.fr\/app\/wp-json\/wp\/v2\/product_brand?post=1368200"},{"taxonomy":"product_cat","embeddable":true,"href":"https:\/\/streetmarkets.fr\/app\/wp-json\/wp\/v2\/product_cat?post=1368200"},{"taxonomy":"product_tag","embeddable":true,"href":"https:\/\/streetmarkets.fr\/app\/wp-json\/wp\/v2\/product_tag?post=1368200"}],"curies":[{"name":"wp","href":"https:\/\/api.w.org\/{rel}","templated":true}]}}