{"id":1368068,"date":"2025-02-15T01:07:53","date_gmt":"2025-02-15T00:07:53","guid":{"rendered":"https:\/\/streetmarkets.fr\/app\/produit\/nouveau-pomandere-chemise-en-soie-magnolia\/"},"modified":"2025-09-17T02:07:08","modified_gmt":"2025-09-17T00:07:08","slug":"nouveau-pomandere-chemise-en-soie-magnolia","status":"publish","type":"product","link":"https:\/\/streetmarkets.fr\/app\/produit\/nouveau-pomandere-chemise-en-soie-magnolia\/","title":{"rendered":"POMAND\u00c8RE Chemise en Soie Magnolia -30%"},"content":{"rendered":"<p data-rte-preserve-empty=\"true\">Chemise en soie \u00e0 motif tie and dye simple, coupe ample, manches longues et poignets resserr\u00e9s, emmanchure large, douce, fraiche et \u00e9l\u00e9gante.<\/p>\n<p data-rte-preserve-empty=\"true\">Peut \u00eatre coordonn\u00e9e avec le pantalon assorti du m\u00eame th\u00e8me.<\/p>\n<p data-rte-preserve-empty=\"true\">D\u00e9tail : 100% soie <\/p>\n","protected":false},"excerpt":{"rendered":"<p>Chemise en soie \u00e0 motif tie and dye simple, coupe ample, manches longues et poignets resserr\u00e9s, emmanchure large, douce, fraiche et \u00e9l\u00e9gante. Peut \u00eatre coordonn\u00e9e avec le pantalon assorti du m\u00eame th\u00e8me. D\u00e9tail : 100% soie<\/p>\n","protected":false},"featured_media":1368069,"comment_status":"open","ping_status":"closed","template":"","meta":[],"product_brand":[],"product_cat":[1756,1762],"product_tag":[2244],"acf":[],"_links":{"self":[{"href":"https:\/\/streetmarkets.fr\/app\/wp-json\/wp\/v2\/product\/1368068"}],"collection":[{"href":"https:\/\/streetmarkets.fr\/app\/wp-json\/wp\/v2\/product"}],"about":[{"href":"https:\/\/streetmarkets.fr\/app\/wp-json\/wp\/v2\/types\/product"}],"replies":[{"embeddable":true,"href":"https:\/\/streetmarkets.fr\/app\/wp-json\/wp\/v2\/comments?post=1368068"}],"wp:featuredmedia":[{"embeddable":true,"href":"https:\/\/streetmarkets.fr\/app\/wp-json\/wp\/v2\/media\/1368069"}],"wp:attachment":[{"href":"https:\/\/streetmarkets.fr\/app\/wp-json\/wp\/v2\/media?parent=1368068"}],"wp:term":[{"taxonomy":"product_brand","embeddable":true,"href":"https:\/\/streetmarkets.fr\/app\/wp-json\/wp\/v2\/product_brand?post=1368068"},{"taxonomy":"product_cat","embeddable":true,"href":"https:\/\/streetmarkets.fr\/app\/wp-json\/wp\/v2\/product_cat?post=1368068"},{"taxonomy":"product_tag","embeddable":true,"href":"https:\/\/streetmarkets.fr\/app\/wp-json\/wp\/v2\/product_tag?post=1368068"}],"curies":[{"name":"wp","href":"https:\/\/api.w.org\/{rel}","templated":true}]}}