{"id":1368054,"date":"2025-02-15T01:07:48","date_gmt":"2025-02-15T00:07:48","guid":{"rendered":"https:\/\/streetmarkets.fr\/app\/produit\/nouveau-pomandere-pantalon-en-coton-magnolia\/"},"modified":"2025-09-17T02:07:07","modified_gmt":"2025-09-17T00:07:07","slug":"nouveau-pomandere-pantalon-en-coton-magnolia","status":"publish","type":"product","link":"https:\/\/streetmarkets.fr\/app\/produit\/nouveau-pomandere-pantalon-en-coton-magnolia\/","title":{"rendered":"POMAND\u00c8RE Pantalon en Coton Magnolia -50%"},"content":{"rendered":"<p data-rte-preserve-empty=\"true\">Pantalon en coton, taille ajust\u00e9e, jambe droite, \u00e9lastique dans le dos, fermeture avec un zip et un bouton, deux poches lat\u00e9rales, confortable et \u00e9l\u00e9gant. \u00c9galement disponible dans la couleur Sable.<\/p>\n<p data-rte-preserve-empty=\"true\">Peut \u00eatre coordonn\u00e9 avec la chemise assortie de la m\u00eame teinte.<\/p>\n<p data-rte-preserve-empty=\"true\">D\u00e9tail : 100% coton <\/p>\n","protected":false},"excerpt":{"rendered":"<p>Pantalon en coton, taille ajust\u00e9e, jambe droite, \u00e9lastique dans le dos, fermeture avec un zip et un bouton, deux poches lat\u00e9rales, confortable et \u00e9l\u00e9gant. \u00c9galement disponible dans la couleur Sable. Peut \u00eatre coordonn\u00e9 avec la chemise assortie de la m\u00eame teinte. D\u00e9tail : 100% coton<\/p>\n","protected":false},"featured_media":1368055,"comment_status":"open","ping_status":"closed","template":"","meta":[],"product_brand":[],"product_cat":[1756,1762],"product_tag":[2244],"acf":[],"_links":{"self":[{"href":"https:\/\/streetmarkets.fr\/app\/wp-json\/wp\/v2\/product\/1368054"}],"collection":[{"href":"https:\/\/streetmarkets.fr\/app\/wp-json\/wp\/v2\/product"}],"about":[{"href":"https:\/\/streetmarkets.fr\/app\/wp-json\/wp\/v2\/types\/product"}],"replies":[{"embeddable":true,"href":"https:\/\/streetmarkets.fr\/app\/wp-json\/wp\/v2\/comments?post=1368054"}],"wp:featuredmedia":[{"embeddable":true,"href":"https:\/\/streetmarkets.fr\/app\/wp-json\/wp\/v2\/media\/1368055"}],"wp:attachment":[{"href":"https:\/\/streetmarkets.fr\/app\/wp-json\/wp\/v2\/media?parent=1368054"}],"wp:term":[{"taxonomy":"product_brand","embeddable":true,"href":"https:\/\/streetmarkets.fr\/app\/wp-json\/wp\/v2\/product_brand?post=1368054"},{"taxonomy":"product_cat","embeddable":true,"href":"https:\/\/streetmarkets.fr\/app\/wp-json\/wp\/v2\/product_cat?post=1368054"},{"taxonomy":"product_tag","embeddable":true,"href":"https:\/\/streetmarkets.fr\/app\/wp-json\/wp\/v2\/product_tag?post=1368054"}],"curies":[{"name":"wp","href":"https:\/\/api.w.org\/{rel}","templated":true}]}}