{"id":1368046,"date":"2025-02-15T01:07:43","date_gmt":"2025-02-15T00:07:43","guid":{"rendered":"https:\/\/streetmarkets.fr\/app\/produit\/nouveau-pomandere-chemise-en-coton-magnolia\/"},"modified":"2025-09-17T02:07:06","modified_gmt":"2025-09-17T00:07:06","slug":"nouveau-pomandere-chemise-en-coton-magnolia","status":"publish","type":"product","link":"https:\/\/streetmarkets.fr\/app\/produit\/nouveau-pomandere-chemise-en-coton-magnolia\/","title":{"rendered":"POMAND\u00c8RE Chemise en Coton Magnolia -30%"},"content":{"rendered":"<p data-rte-preserve-empty=\"true\">Chemise en coton type tunisienne, \u00e0 fines rayures ton sur ton, coupe ample et droite, manches longues et poignets resserr\u00e9s, douce et fraiche. \u00c9galement disponible dans la couleur Corde.<\/p>\n<p data-rte-preserve-empty=\"true\">Peut \u00eatre coordonn\u00e9e avec le pantalon de la m\u00eame teinte.<\/p>\n<p data-rte-preserve-empty=\"true\">D\u00e9tail : 100% coton<\/p>\n","protected":false},"excerpt":{"rendered":"<p>Chemise en coton type tunisienne, \u00e0 fines rayures ton sur ton, coupe ample et droite, manches longues et poignets resserr\u00e9s, douce et fraiche. \u00c9galement disponible dans la couleur Corde. Peut \u00eatre coordonn\u00e9e avec le pantalon de la m\u00eame teinte. D\u00e9tail : 100% coton<\/p>\n","protected":false},"featured_media":1368047,"comment_status":"open","ping_status":"closed","template":"","meta":[],"product_brand":[],"product_cat":[1756,1762],"product_tag":[2244],"acf":[],"_links":{"self":[{"href":"https:\/\/streetmarkets.fr\/app\/wp-json\/wp\/v2\/product\/1368046"}],"collection":[{"href":"https:\/\/streetmarkets.fr\/app\/wp-json\/wp\/v2\/product"}],"about":[{"href":"https:\/\/streetmarkets.fr\/app\/wp-json\/wp\/v2\/types\/product"}],"replies":[{"embeddable":true,"href":"https:\/\/streetmarkets.fr\/app\/wp-json\/wp\/v2\/comments?post=1368046"}],"wp:featuredmedia":[{"embeddable":true,"href":"https:\/\/streetmarkets.fr\/app\/wp-json\/wp\/v2\/media\/1368047"}],"wp:attachment":[{"href":"https:\/\/streetmarkets.fr\/app\/wp-json\/wp\/v2\/media?parent=1368046"}],"wp:term":[{"taxonomy":"product_brand","embeddable":true,"href":"https:\/\/streetmarkets.fr\/app\/wp-json\/wp\/v2\/product_brand?post=1368046"},{"taxonomy":"product_cat","embeddable":true,"href":"https:\/\/streetmarkets.fr\/app\/wp-json\/wp\/v2\/product_cat?post=1368046"},{"taxonomy":"product_tag","embeddable":true,"href":"https:\/\/streetmarkets.fr\/app\/wp-json\/wp\/v2\/product_tag?post=1368046"}],"curies":[{"name":"wp","href":"https:\/\/api.w.org\/{rel}","templated":true}]}}