{"id":1368018,"date":"2025-02-15T01:07:21","date_gmt":"2025-02-15T00:07:21","guid":{"rendered":"https:\/\/streetmarkets.fr\/app\/produit\/nouveau-pomandere-jupe-en-soie-magnolia\/"},"modified":"2026-05-13T02:00:34","modified_gmt":"2026-05-13T00:00:34","slug":"nouveau-pomandere-jupe-en-soie-magnolia","status":"publish","type":"product","link":"https:\/\/streetmarkets.fr\/app\/produit\/nouveau-pomandere-jupe-en-soie-magnolia\/","title":{"rendered":"POMAND\u00c8RE Jupe en Soie Magnolia -50%"},"content":{"rendered":"<p data-rte-preserve-empty=\"true\">Jupe longue et fluide en soie, \u00e9lastique \u00e0 la taille, douce et l\u00e9g\u00e8re. \u00c9galement disponible dans la couleur Citron.<\/p>\n<p data-rte-preserve-empty=\"true\">Peut \u00eatre coordonn\u00e9e avec le t-shirt de la m\u00eame teinte.<\/p>\n<p data-rte-preserve-empty=\"true\">D\u00e9tail : 100% soie <\/p>\n","protected":false},"excerpt":{"rendered":"<p>Jupe longue et fluide en soie, \u00e9lastique \u00e0 la taille, douce et l\u00e9g\u00e8re. \u00c9galement disponible dans la couleur Citron. Peut \u00eatre coordonn\u00e9e avec le t-shirt de la m\u00eame teinte. D\u00e9tail : 100% soie<\/p>\n","protected":false},"featured_media":1368019,"comment_status":"open","ping_status":"closed","template":"","meta":[],"product_brand":[],"product_cat":[1756,1762],"product_tag":[2244],"acf":[],"_links":{"self":[{"href":"https:\/\/streetmarkets.fr\/app\/wp-json\/wp\/v2\/product\/1368018"}],"collection":[{"href":"https:\/\/streetmarkets.fr\/app\/wp-json\/wp\/v2\/product"}],"about":[{"href":"https:\/\/streetmarkets.fr\/app\/wp-json\/wp\/v2\/types\/product"}],"replies":[{"embeddable":true,"href":"https:\/\/streetmarkets.fr\/app\/wp-json\/wp\/v2\/comments?post=1368018"}],"wp:featuredmedia":[{"embeddable":true,"href":"https:\/\/streetmarkets.fr\/app\/wp-json\/wp\/v2\/media\/1368019"}],"wp:attachment":[{"href":"https:\/\/streetmarkets.fr\/app\/wp-json\/wp\/v2\/media?parent=1368018"}],"wp:term":[{"taxonomy":"product_brand","embeddable":true,"href":"https:\/\/streetmarkets.fr\/app\/wp-json\/wp\/v2\/product_brand?post=1368018"},{"taxonomy":"product_cat","embeddable":true,"href":"https:\/\/streetmarkets.fr\/app\/wp-json\/wp\/v2\/product_cat?post=1368018"},{"taxonomy":"product_tag","embeddable":true,"href":"https:\/\/streetmarkets.fr\/app\/wp-json\/wp\/v2\/product_tag?post=1368018"}],"curies":[{"name":"wp","href":"https:\/\/api.w.org\/{rel}","templated":true}]}}