{"id":1368009,"date":"2025-02-15T01:07:19","date_gmt":"2025-02-15T00:07:19","guid":{"rendered":"https:\/\/streetmarkets.fr\/app\/produit\/nouveau-masscob-pull-vedra-aloe-precommande\/"},"modified":"2025-09-03T02:05:20","modified_gmt":"2025-09-03T00:05:20","slug":"nouveau-masscob-pull-vedra-aloe-precommande","status":"publish","type":"product","link":"https:\/\/streetmarkets.fr\/app\/produit\/nouveau-masscob-pull-vedra-aloe-precommande\/","title":{"rendered":"MASSCOB Pull Vedra Aloe"},"content":{"rendered":"<p data-rte-preserve-empty=\"true\">Pull en lin coupe droite, manches courtes, encolure arrondie, mati\u00e8re toute douce, \u00e9galement disponible dans la couleur Sugar.<\/p>\n<p data-rte-preserve-empty=\"true\">Sur la photo le pull est port\u00e9 sur la jupe Blanda dans la couleur Algae.<\/p>\n<p data-rte-preserve-empty=\"true\">D\u00e9tail : 100% lin<\/p>\n","protected":false},"excerpt":{"rendered":"<p>Pull en lin coupe droite, manches courtes, encolure arrondie, mati\u00e8re toute douce, \u00e9galement disponible dans la couleur Sugar. Sur la photo le pull est port\u00e9 sur la jupe Blanda dans la couleur Algae. D\u00e9tail : 100% lin<\/p>\n","protected":false},"featured_media":1368010,"comment_status":"open","ping_status":"closed","template":"","meta":[],"product_brand":[],"product_cat":[1756,1762],"product_tag":[2244],"acf":[],"_links":{"self":[{"href":"https:\/\/streetmarkets.fr\/app\/wp-json\/wp\/v2\/product\/1368009"}],"collection":[{"href":"https:\/\/streetmarkets.fr\/app\/wp-json\/wp\/v2\/product"}],"about":[{"href":"https:\/\/streetmarkets.fr\/app\/wp-json\/wp\/v2\/types\/product"}],"replies":[{"embeddable":true,"href":"https:\/\/streetmarkets.fr\/app\/wp-json\/wp\/v2\/comments?post=1368009"}],"wp:featuredmedia":[{"embeddable":true,"href":"https:\/\/streetmarkets.fr\/app\/wp-json\/wp\/v2\/media\/1368010"}],"wp:attachment":[{"href":"https:\/\/streetmarkets.fr\/app\/wp-json\/wp\/v2\/media?parent=1368009"}],"wp:term":[{"taxonomy":"product_brand","embeddable":true,"href":"https:\/\/streetmarkets.fr\/app\/wp-json\/wp\/v2\/product_brand?post=1368009"},{"taxonomy":"product_cat","embeddable":true,"href":"https:\/\/streetmarkets.fr\/app\/wp-json\/wp\/v2\/product_cat?post=1368009"},{"taxonomy":"product_tag","embeddable":true,"href":"https:\/\/streetmarkets.fr\/app\/wp-json\/wp\/v2\/product_tag?post=1368009"}],"curies":[{"name":"wp","href":"https:\/\/api.w.org\/{rel}","templated":true}]}}