{"id":1367997,"date":"2025-02-15T01:06:51","date_gmt":"2025-02-15T00:06:51","guid":{"rendered":"https:\/\/streetmarkets.fr\/app\/produit\/nouveau-masscob-chemise-yaiza-coconut-precommande\/"},"modified":"2025-07-23T02:04:11","modified_gmt":"2025-07-23T00:04:11","slug":"nouveau-masscob-chemise-yaiza-coconut-precommande","status":"publish","type":"product","link":"https:\/\/streetmarkets.fr\/app\/produit\/nouveau-masscob-chemise-yaiza-coconut-precommande\/","title":{"rendered":"MASSCOB Chemise Yaiza Coconut"},"content":{"rendered":"<p data-rte-preserve-empty=\"true\">Grande chemise en soie et viscose \u00e0 larges rayures ton sur ton, coupe ample, manches longues et poignets resserr\u00e9s, emmanchure large. Le mod\u00e8le taille grand et se porte grand.<\/p>\n<p data-rte-preserve-empty=\"true\">\n<p data-rte-preserve-empty=\"true\">D\u00e9tail : 86% viscose, 14% soie<\/p>\n","protected":false},"excerpt":{"rendered":"<p>Grande chemise en soie et viscose \u00e0 larges rayures ton sur ton, coupe ample, manches longues et poignets resserr\u00e9s, emmanchure large. Le mod\u00e8le taille grand et se porte grand. D\u00e9tail : 86% viscose, 14% soie<\/p>\n","protected":false},"featured_media":1367998,"comment_status":"open","ping_status":"closed","template":"","meta":[],"product_brand":[],"product_cat":[1756,1762],"product_tag":[2244],"acf":[],"_links":{"self":[{"href":"https:\/\/streetmarkets.fr\/app\/wp-json\/wp\/v2\/product\/1367997"}],"collection":[{"href":"https:\/\/streetmarkets.fr\/app\/wp-json\/wp\/v2\/product"}],"about":[{"href":"https:\/\/streetmarkets.fr\/app\/wp-json\/wp\/v2\/types\/product"}],"replies":[{"embeddable":true,"href":"https:\/\/streetmarkets.fr\/app\/wp-json\/wp\/v2\/comments?post=1367997"}],"wp:featuredmedia":[{"embeddable":true,"href":"https:\/\/streetmarkets.fr\/app\/wp-json\/wp\/v2\/media\/1367998"}],"wp:attachment":[{"href":"https:\/\/streetmarkets.fr\/app\/wp-json\/wp\/v2\/media?parent=1367997"}],"wp:term":[{"taxonomy":"product_brand","embeddable":true,"href":"https:\/\/streetmarkets.fr\/app\/wp-json\/wp\/v2\/product_brand?post=1367997"},{"taxonomy":"product_cat","embeddable":true,"href":"https:\/\/streetmarkets.fr\/app\/wp-json\/wp\/v2\/product_cat?post=1367997"},{"taxonomy":"product_tag","embeddable":true,"href":"https:\/\/streetmarkets.fr\/app\/wp-json\/wp\/v2\/product_tag?post=1367997"}],"curies":[{"name":"wp","href":"https:\/\/api.w.org\/{rel}","templated":true}]}}