{"id":1367859,"date":"2025-02-15T00:52:46","date_gmt":"2025-02-14T23:52:46","guid":{"rendered":"https:\/\/streetmarkets.fr\/app\/produit\/boucles-doreilles-tammie\/"},"modified":"2026-05-02T01:49:45","modified_gmt":"2026-05-01T23:49:45","slug":"boucles-doreilles-tammie","status":"publish","type":"product","link":"https:\/\/streetmarkets.fr\/app\/produit\/boucles-doreilles-tammie\/","title":{"rendered":"Boucles d&#8217;oreilles &#8211; Tammie"},"content":{"rendered":"<p>\u00c9l\u00e9gantes et intemporelles, ces magnifiques boucles d&#8217;oreilles Tammie, se composent de deux \u00e9l\u00e9ments en plaqu\u00e9 or 3 microns. Leur design raffin\u00e9 mettra en valeur votre lobe avec subtilit\u00e9, s\u2019adaptant parfaitement \u00e0 toutes vos tenues.<\/p>\n<p>L&#8217;accessoire id\u00e9al pour apporter une touche de sophistication \u00e0 votre style.<\/p>\n<p><strong>Ce mod\u00e8<\/strong><strong>le vous pla\u00eet mais n&#8217;est plus disponible ? Contactez-nous \u00e0 bonjour@nadyut.com pour le pr\u00e9commander ! Vous le recevrez entre 1 et 2 semaines.<\/strong><\/p>\n","protected":false},"excerpt":{"rendered":"<p>\u00c9l\u00e9gantes et intemporelles, ces magnifiques boucles d&#8217;oreilles Tammie, se composent de deux \u00e9l\u00e9ments en plaqu\u00e9 or 3 microns. Leur design raffin\u00e9 mettra en valeur votre lobe avec subtilit\u00e9, s\u2019adaptant parfaitement \u00e0 toutes vos tenues. L&#8217;accessoire id\u00e9al pour apporter une touche de sophistication \u00e0 votre style. Ce mod\u00e8le vous pla\u00eet mais n&#8217;est plus disponible ? Contactez-nous [&hellip;]<\/p>\n","protected":false},"featured_media":1367860,"comment_status":"open","ping_status":"closed","template":"","meta":[],"product_brand":[],"product_cat":[1807,1756],"product_tag":[2244],"acf":[],"_links":{"self":[{"href":"https:\/\/streetmarkets.fr\/app\/wp-json\/wp\/v2\/product\/1367859"}],"collection":[{"href":"https:\/\/streetmarkets.fr\/app\/wp-json\/wp\/v2\/product"}],"about":[{"href":"https:\/\/streetmarkets.fr\/app\/wp-json\/wp\/v2\/types\/product"}],"replies":[{"embeddable":true,"href":"https:\/\/streetmarkets.fr\/app\/wp-json\/wp\/v2\/comments?post=1367859"}],"wp:featuredmedia":[{"embeddable":true,"href":"https:\/\/streetmarkets.fr\/app\/wp-json\/wp\/v2\/media\/1367860"}],"wp:attachment":[{"href":"https:\/\/streetmarkets.fr\/app\/wp-json\/wp\/v2\/media?parent=1367859"}],"wp:term":[{"taxonomy":"product_brand","embeddable":true,"href":"https:\/\/streetmarkets.fr\/app\/wp-json\/wp\/v2\/product_brand?post=1367859"},{"taxonomy":"product_cat","embeddable":true,"href":"https:\/\/streetmarkets.fr\/app\/wp-json\/wp\/v2\/product_cat?post=1367859"},{"taxonomy":"product_tag","embeddable":true,"href":"https:\/\/streetmarkets.fr\/app\/wp-json\/wp\/v2\/product_tag?post=1367859"}],"curies":[{"name":"wp","href":"https:\/\/api.w.org\/{rel}","templated":true}]}}