{"id":1366953,"date":"2025-02-14T07:41:48","date_gmt":"2025-02-14T06:41:48","guid":{"rendered":"https:\/\/streetmarkets.fr\/app\/produit\/collier-hope-medaille-sun-hanka-in\/"},"modified":"2026-05-08T08:37:57","modified_gmt":"2026-05-08T06:37:57","slug":"collier-hope-medaille-sun-hanka-in","status":"publish","type":"product","link":"https:\/\/streetmarkets.fr\/app\/produit\/collier-hope-medaille-sun-hanka-in\/","title":{"rendered":"Collier hope m\u00e9daille Sun &#8211; Hanka In"},"content":{"rendered":"<p>Tr\u00e8s tendance le collier m\u00e9daille forme irr\u00e9guli\u00e8ere avec en son centre un zircon blanc<\/p>\n<p>La m\u00e9daille et la cha\u00eene sont plaqu\u00e9s or. <\/p>\n<p>Longueur de la chaine : 48 cm <\/p>\n<p>Cr\u00e9atrice fran\u00e7aise Hanka In<\/p>\n<p>Les mod\u00e8les sont dessin\u00e9s et fabriqu\u00e9s en France. <\/p>\n","protected":false},"excerpt":{"rendered":"<p>Tr\u00e8s tendance le collier m\u00e9daille forme irr\u00e9guli\u00e8ere avec en son centre un zircon blanc La m\u00e9daille et la cha\u00eene sont plaqu\u00e9s or. Longueur de la chaine : 48 cm Cr\u00e9atrice fran\u00e7aise Hanka In Les mod\u00e8les sont dessin\u00e9s et fabriqu\u00e9s en France.<\/p>\n","protected":false},"featured_media":1366954,"comment_status":"open","ping_status":"closed","template":"","meta":[],"product_brand":[],"product_cat":[1807,1756],"product_tag":[2244],"acf":[],"_links":{"self":[{"href":"https:\/\/streetmarkets.fr\/app\/wp-json\/wp\/v2\/product\/1366953"}],"collection":[{"href":"https:\/\/streetmarkets.fr\/app\/wp-json\/wp\/v2\/product"}],"about":[{"href":"https:\/\/streetmarkets.fr\/app\/wp-json\/wp\/v2\/types\/product"}],"replies":[{"embeddable":true,"href":"https:\/\/streetmarkets.fr\/app\/wp-json\/wp\/v2\/comments?post=1366953"}],"wp:featuredmedia":[{"embeddable":true,"href":"https:\/\/streetmarkets.fr\/app\/wp-json\/wp\/v2\/media\/1366954"}],"wp:attachment":[{"href":"https:\/\/streetmarkets.fr\/app\/wp-json\/wp\/v2\/media?parent=1366953"}],"wp:term":[{"taxonomy":"product_brand","embeddable":true,"href":"https:\/\/streetmarkets.fr\/app\/wp-json\/wp\/v2\/product_brand?post=1366953"},{"taxonomy":"product_cat","embeddable":true,"href":"https:\/\/streetmarkets.fr\/app\/wp-json\/wp\/v2\/product_cat?post=1366953"},{"taxonomy":"product_tag","embeddable":true,"href":"https:\/\/streetmarkets.fr\/app\/wp-json\/wp\/v2\/product_tag?post=1366953"}],"curies":[{"name":"wp","href":"https:\/\/api.w.org\/{rel}","templated":true}]}}