{"id":1362206,"date":"2025-02-13T05:48:22","date_gmt":"2025-02-13T04:48:22","guid":{"rendered":"https:\/\/streetmarkets.fr\/app\/produit\/cena-sweatshirt\/"},"modified":"2026-03-16T05:45:19","modified_gmt":"2026-03-16T04:45:19","slug":"cena-sweatshirt","status":"publish","type":"product","link":"https:\/\/streetmarkets.fr\/app\/produit\/cena-sweatshirt\/","title":{"rendered":"Cena Sweatshirt"},"content":{"rendered":"<p data-start=\"35\" data-end=\"338\">Alliant confort et esth\u00e9tique r\u00e9tro, le <strong data-start=\"75\" data-end=\"95\">Sweat-Shirt Cena<\/strong> de <strong data-start=\"99\" data-end=\"111\">Les Deux<\/strong> revisite un classique avec une touche artistique unique. Confectionn\u00e9 en <strong data-start=\"185\" data-end=\"200\">100 % coton<\/strong> avec un poids moyen de <strong data-start=\"224\" data-end=\"236\">320 g\/m\u00b2<\/strong>, il offre une sensation douce et une tenue parfaite pour un style \u00e0 la fois d\u00e9contract\u00e9 et affirm\u00e9.<\/p>\n<p data-start=\"340\" data-end=\"625\">Sa <strong data-start=\"343\" data-end=\"368\">coupe ample et carr\u00e9e<\/strong>, ses <strong data-start=\"374\" data-end=\"406\">\u00e9paules l\u00e9g\u00e8rement tombantes<\/strong> et son <strong data-start=\"414\" data-end=\"437\">ourlet large c\u00f4tel\u00e9<\/strong> lui conf\u00e8rent une silhouette moderne et inspir\u00e9e des ann\u00e9es 90. Son <strong data-start=\"506\" data-end=\"559\">imprim\u00e9 ludique et sa broderie dessin\u00e9s \u00e0 la main<\/strong> ajoutent une touche d\u2019originalit\u00e9 qui fait toute la diff\u00e9rence.<\/p>\n<p data-start=\"627\" data-end=\"774\" data-is-last-node=\"\">Un essentiel streetwear \u00e0 porter seul ou superpos\u00e9, disponible d\u00e8s maintenant chez <strong data-start=\"710\" data-end=\"720\">Harold<\/strong>, votre boutique parisienne de pr\u00eat-\u00e0-porter masculin.<\/p>\n","protected":false},"excerpt":{"rendered":"<p>Alliant confort et esth\u00e9tique r\u00e9tro, le Sweat-Shirt Cena de Les Deux revisite un classique avec une touche artistique unique. Confectionn\u00e9 en 100 % coton avec un poids moyen de 320 g\/m\u00b2, il offre une sensation douce et une tenue parfaite pour un style \u00e0 la fois d\u00e9contract\u00e9 et affirm\u00e9. Sa coupe ample et carr\u00e9e, ses [&hellip;]<\/p>\n","protected":false},"featured_media":1362207,"comment_status":"open","ping_status":"closed","template":"","meta":[],"product_brand":[],"product_cat":[1756,1758],"product_tag":[2244],"acf":[],"_links":{"self":[{"href":"https:\/\/streetmarkets.fr\/app\/wp-json\/wp\/v2\/product\/1362206"}],"collection":[{"href":"https:\/\/streetmarkets.fr\/app\/wp-json\/wp\/v2\/product"}],"about":[{"href":"https:\/\/streetmarkets.fr\/app\/wp-json\/wp\/v2\/types\/product"}],"replies":[{"embeddable":true,"href":"https:\/\/streetmarkets.fr\/app\/wp-json\/wp\/v2\/comments?post=1362206"}],"wp:featuredmedia":[{"embeddable":true,"href":"https:\/\/streetmarkets.fr\/app\/wp-json\/wp\/v2\/media\/1362207"}],"wp:attachment":[{"href":"https:\/\/streetmarkets.fr\/app\/wp-json\/wp\/v2\/media?parent=1362206"}],"wp:term":[{"taxonomy":"product_brand","embeddable":true,"href":"https:\/\/streetmarkets.fr\/app\/wp-json\/wp\/v2\/product_brand?post=1362206"},{"taxonomy":"product_cat","embeddable":true,"href":"https:\/\/streetmarkets.fr\/app\/wp-json\/wp\/v2\/product_cat?post=1362206"},{"taxonomy":"product_tag","embeddable":true,"href":"https:\/\/streetmarkets.fr\/app\/wp-json\/wp\/v2\/product_tag?post=1362206"}],"curies":[{"name":"wp","href":"https:\/\/api.w.org\/{rel}","templated":true}]}}