{"id":1362190,"date":"2025-02-13T05:48:19","date_gmt":"2025-02-13T04:48:19","guid":{"rendered":"https:\/\/streetmarkets.fr\/app\/produit\/arthur-tank-top\/"},"modified":"2026-03-16T05:45:19","modified_gmt":"2026-03-16T04:45:19","slug":"arthur-tank-top","status":"publish","type":"product","link":"https:\/\/streetmarkets.fr\/app\/produit\/arthur-tank-top\/","title":{"rendered":"Arthur Tank Top"},"content":{"rendered":"<p data-start=\"35\" data-end=\"297\">Alliez confort et minimalisme avec le <strong data-start=\"73\" data-end=\"93\">d\u00e9bardeur Arthur Tank Top<\/strong>\u00a0de <strong data-start=\"97\" data-end=\"109\">Les Deux<\/strong>. Confectionn\u00e9 en <strong data-start=\"127\" data-end=\"144\">coton stretch<\/strong>, il \u00e9pouse parfaitement la silhouette gr\u00e2ce \u00e0 sa <strong data-start=\"223\" data-end=\"237\">coupe slim<\/strong> et son <strong data-start=\"245\" data-end=\"261\">tissu c\u00f4tel\u00e9<\/strong> offrant une \u00e9lasticit\u00e9 naturelle.<\/p>\n<p data-start=\"299\" data-end=\"520\">Dot\u00e9 d\u2019un <strong data-start=\"309\" data-end=\"339\">col ras du cou d\u00e9contract\u00e9<\/strong> et d\u2019une <strong data-start=\"349\" data-end=\"385\">\u00e9tiquette signature sur l\u2019ourlet<\/strong>, ce basique revisit\u00e9 se porte aussi bien seul lors des journ\u00e9es estivales que sous une chemise ouverte pour un look casual ma\u00eetris\u00e9.<\/p>\n<p data-start=\"522\" data-end=\"644\" data-is-last-node=\"\">Un essentiel du vestiaire masculin, disponible d\u00e8s maintenant chez <strong data-start=\"589\" data-end=\"599\">Harold<\/strong>, votre boutique parisienne de pr\u00eat-\u00e0-porter.<\/p>\n","protected":false},"excerpt":{"rendered":"<p>Alliez confort et minimalisme avec le d\u00e9bardeur Arthur Tank Top\u00a0de Les Deux. Confectionn\u00e9 en coton stretch, il \u00e9pouse parfaitement la silhouette gr\u00e2ce \u00e0 sa coupe slim et son tissu c\u00f4tel\u00e9 offrant une \u00e9lasticit\u00e9 naturelle. Dot\u00e9 d\u2019un col ras du cou d\u00e9contract\u00e9 et d\u2019une \u00e9tiquette signature sur l\u2019ourlet, ce basique revisit\u00e9 se porte aussi bien seul [&hellip;]<\/p>\n","protected":false},"featured_media":1362191,"comment_status":"open","ping_status":"closed","template":"","meta":[],"product_brand":[],"product_cat":[1756,1758],"product_tag":[2244],"acf":[],"_links":{"self":[{"href":"https:\/\/streetmarkets.fr\/app\/wp-json\/wp\/v2\/product\/1362190"}],"collection":[{"href":"https:\/\/streetmarkets.fr\/app\/wp-json\/wp\/v2\/product"}],"about":[{"href":"https:\/\/streetmarkets.fr\/app\/wp-json\/wp\/v2\/types\/product"}],"replies":[{"embeddable":true,"href":"https:\/\/streetmarkets.fr\/app\/wp-json\/wp\/v2\/comments?post=1362190"}],"wp:featuredmedia":[{"embeddable":true,"href":"https:\/\/streetmarkets.fr\/app\/wp-json\/wp\/v2\/media\/1362191"}],"wp:attachment":[{"href":"https:\/\/streetmarkets.fr\/app\/wp-json\/wp\/v2\/media?parent=1362190"}],"wp:term":[{"taxonomy":"product_brand","embeddable":true,"href":"https:\/\/streetmarkets.fr\/app\/wp-json\/wp\/v2\/product_brand?post=1362190"},{"taxonomy":"product_cat","embeddable":true,"href":"https:\/\/streetmarkets.fr\/app\/wp-json\/wp\/v2\/product_cat?post=1362190"},{"taxonomy":"product_tag","embeddable":true,"href":"https:\/\/streetmarkets.fr\/app\/wp-json\/wp\/v2\/product_tag?post=1362190"}],"curies":[{"name":"wp","href":"https:\/\/api.w.org\/{rel}","templated":true}]}}