{"id":1357123,"date":"2025-02-13T00:44:01","date_gmt":"2025-02-12T23:44:01","guid":{"rendered":"https:\/\/streetmarkets.fr\/app\/produit\/pince-a-cheveux-coeur-blanc-coucou-suzette\/"},"modified":"2026-04-11T01:40:45","modified_gmt":"2026-04-10T23:40:45","slug":"pince-a-cheveux-coeur-blanc-coucou-suzette","status":"publish","type":"product","link":"https:\/\/streetmarkets.fr\/app\/produit\/pince-a-cheveux-coeur-blanc-coucou-suzette\/","title":{"rendered":"Pince \u00e0 cheveux &#8211; Coeur Blanc &#8211; Coucou Suzette"},"content":{"rendered":"<p data-rte-preserve-empty=\"true\"><span>Vous connaissiez d\u00e9j\u00e0 la pince \u00e0 cheveux coeur rouge qu\u2019on ne pr\u00e9sente plus, d\u00e9couvrez maintenant sa petite soeur toute de blanc v\u00eatue ! <\/span><\/p>\n<p data-rte-preserve-empty=\"true\"><span>On fond devant tant de beaut\u00e9, avec cet effet nacr\u00e9 esprit vintage qui scintille dans toutes les chevelures, et ajoute ce qu\u2019il faut de po\u00e9sie \u00e0 toutes vos coiffures.<\/span><\/p>\n<p data-rte-preserve-empty=\"true\"><span>&#8211; Composition : Ac\u00e9tate de cellulose<\/span><br \/><span>&#8211; Type d\u2019attache : dents en ac\u00e9tate<\/span><br \/><span>&#8211; Longueur : 5,4 cm<\/span><br \/><span>&#8211; Largeur : 5,3 cm<\/span><br \/><span>&#8211; Chaque cr\u00e9ation est unique, la couleur peut varier l\u00e9g\u00e8rement selon le morceau d&#8217;ac\u00e9tate utilis\u00e9<\/span><br \/><span>&#8211; Fabriqu\u00e9e en Chine dans une usine audit\u00e9e.<\/span><\/p>\n","protected":false},"excerpt":{"rendered":"<p>Vous connaissiez d\u00e9j\u00e0 la pince \u00e0 cheveux coeur rouge qu\u2019on ne pr\u00e9sente plus, d\u00e9couvrez maintenant sa petite soeur toute de blanc v\u00eatue ! On fond devant tant de beaut\u00e9, avec cet effet nacr\u00e9 esprit vintage qui scintille dans toutes les chevelures, et ajoute ce qu\u2019il faut de po\u00e9sie \u00e0 toutes vos coiffures. &#8211; Composition : [&hellip;]<\/p>\n","protected":false},"featured_media":1357124,"comment_status":"open","ping_status":"closed","template":"","meta":[],"product_brand":[],"product_cat":[1756,1764],"product_tag":[2244],"acf":[],"_links":{"self":[{"href":"https:\/\/streetmarkets.fr\/app\/wp-json\/wp\/v2\/product\/1357123"}],"collection":[{"href":"https:\/\/streetmarkets.fr\/app\/wp-json\/wp\/v2\/product"}],"about":[{"href":"https:\/\/streetmarkets.fr\/app\/wp-json\/wp\/v2\/types\/product"}],"replies":[{"embeddable":true,"href":"https:\/\/streetmarkets.fr\/app\/wp-json\/wp\/v2\/comments?post=1357123"}],"wp:featuredmedia":[{"embeddable":true,"href":"https:\/\/streetmarkets.fr\/app\/wp-json\/wp\/v2\/media\/1357124"}],"wp:attachment":[{"href":"https:\/\/streetmarkets.fr\/app\/wp-json\/wp\/v2\/media?parent=1357123"}],"wp:term":[{"taxonomy":"product_brand","embeddable":true,"href":"https:\/\/streetmarkets.fr\/app\/wp-json\/wp\/v2\/product_brand?post=1357123"},{"taxonomy":"product_cat","embeddable":true,"href":"https:\/\/streetmarkets.fr\/app\/wp-json\/wp\/v2\/product_cat?post=1357123"},{"taxonomy":"product_tag","embeddable":true,"href":"https:\/\/streetmarkets.fr\/app\/wp-json\/wp\/v2\/product_tag?post=1357123"}],"curies":[{"name":"wp","href":"https:\/\/api.w.org\/{rel}","templated":true}]}}