{"id":1357116,"date":"2025-02-13T00:44:00","date_gmt":"2025-02-12T23:44:00","guid":{"rendered":"https:\/\/streetmarkets.fr\/app\/produit\/pince-a-cheveux-coeur-rose-coucou-suzette\/"},"modified":"2026-05-12T01:40:15","modified_gmt":"2026-05-11T23:40:15","slug":"pince-a-cheveux-coeur-rose-coucou-suzette","status":"publish","type":"product","link":"https:\/\/streetmarkets.fr\/app\/produit\/pince-a-cheveux-coeur-rose-coucou-suzette\/","title":{"rendered":"Pince \u00e0 cheveux COEUR &#8211; rose &#8211; Coucou Suzette"},"content":{"rendered":"<p data-rte-preserve-empty=\"true\"><span>On connaissait d\u00e9j\u00e0 l\u2019iconique pince \u00e0 cheveux <\/span>c\u0153ur rouge<span>, la voil\u00e0 de retour dans une nouvelle version pour voir la vie en rose ! <\/span><\/p>\n<p data-rte-preserve-empty=\"true\"><span>Rien de plus efficace qu\u2019un joli c\u0153ur pour c\u00e9l\u00e9brer l\u2019amour au quotidien avec des coiffures \u00e0 la fois po\u00e9tiques et modernes. <\/span><\/p>\n<p data-rte-preserve-empty=\"true\"><span>Un parfait petit cadeau pour sa moiti\u00e9 le jour de la Saint-Valentin.<\/span><\/p>\n<p data-rte-preserve-empty=\"true\"><span>&#8211; Composition : Ac\u00e9tate de cellulose<\/span><br \/><span>&#8211; Type d\u2019attache : dents en ac\u00e9tate<\/span><br \/><span>&#8211; Longueur : 3,5 cm<\/span><br \/><span>&#8211; Largeur : 3,5 cm<\/span><br \/><span>&#8211; Chaque cr\u00e9ation est unique, la couleur peut varier l\u00e9g\u00e8rement selon le morceau d&#8217;ac\u00e9tate utilis\u00e9<\/span><br \/><span>&#8211; Fabriqu\u00e9e en Chine dans une usine audit\u00e9e.<\/span><\/p>\n","protected":false},"excerpt":{"rendered":"<p>On connaissait d\u00e9j\u00e0 l\u2019iconique pince \u00e0 cheveux c\u0153ur rouge, la voil\u00e0 de retour dans une nouvelle version pour voir la vie en rose ! Rien de plus efficace qu\u2019un joli c\u0153ur pour c\u00e9l\u00e9brer l\u2019amour au quotidien avec des coiffures \u00e0 la fois po\u00e9tiques et modernes. Un parfait petit cadeau pour sa moiti\u00e9 le jour de [&hellip;]<\/p>\n","protected":false},"featured_media":1357117,"comment_status":"open","ping_status":"closed","template":"","meta":[],"product_brand":[],"product_cat":[1756,1764],"product_tag":[2244],"acf":[],"_links":{"self":[{"href":"https:\/\/streetmarkets.fr\/app\/wp-json\/wp\/v2\/product\/1357116"}],"collection":[{"href":"https:\/\/streetmarkets.fr\/app\/wp-json\/wp\/v2\/product"}],"about":[{"href":"https:\/\/streetmarkets.fr\/app\/wp-json\/wp\/v2\/types\/product"}],"replies":[{"embeddable":true,"href":"https:\/\/streetmarkets.fr\/app\/wp-json\/wp\/v2\/comments?post=1357116"}],"wp:featuredmedia":[{"embeddable":true,"href":"https:\/\/streetmarkets.fr\/app\/wp-json\/wp\/v2\/media\/1357117"}],"wp:attachment":[{"href":"https:\/\/streetmarkets.fr\/app\/wp-json\/wp\/v2\/media?parent=1357116"}],"wp:term":[{"taxonomy":"product_brand","embeddable":true,"href":"https:\/\/streetmarkets.fr\/app\/wp-json\/wp\/v2\/product_brand?post=1357116"},{"taxonomy":"product_cat","embeddable":true,"href":"https:\/\/streetmarkets.fr\/app\/wp-json\/wp\/v2\/product_cat?post=1357116"},{"taxonomy":"product_tag","embeddable":true,"href":"https:\/\/streetmarkets.fr\/app\/wp-json\/wp\/v2\/product_tag?post=1357116"}],"curies":[{"name":"wp","href":"https:\/\/api.w.org\/{rel}","templated":true}]}}