{"id":1357091,"date":"2025-02-13T00:43:59","date_gmt":"2025-02-12T23:43:59","guid":{"rendered":"https:\/\/streetmarkets.fr\/app\/produit\/mini-pince-a-cheveux-bleue-coucou-suzette\/"},"modified":"2026-04-11T01:40:15","modified_gmt":"2026-04-10T23:40:15","slug":"mini-pince-a-cheveux-bleue-coucou-suzette","status":"publish","type":"product","link":"https:\/\/streetmarkets.fr\/app\/produit\/mini-pince-a-cheveux-bleue-coucou-suzette\/","title":{"rendered":"Mini pince \u00e0 cheveux &#8211; bleue &#8211; Coucou Suzette"},"content":{"rendered":"<p data-rte-preserve-empty=\"true\"><span>On fond pour cette mini pince \u00e0 cheveux en forme de petit c\u0153ur rose \u00e0 croquer. Un accessoire bijou qui se glisse dans tous les sacs, parfait pour une coiffure facile \u00e0 la va-vite qui apporte la touche de glamour qu\u2019il vous fallait.<\/span><\/p>\n<p data-rte-preserve-empty=\"true\"><span>&#8211; Composition : Ac\u00e9tate de cellulose<\/span><br \/><span>&#8211; Type d\u2019attache : dents en ac\u00e9tate<\/span><br \/><span>&#8211; Longueur : 3 cm<\/span><br \/><span>&#8211; Largeur : 3 cm<\/span><br \/><span>&#8211; Chaque cr\u00e9ation est unique, la couleur peut varier l\u00e9g\u00e8rement selon le morceau d&#8217;ac\u00e9tate utilis\u00e9.<\/span><br \/><span>&#8211; Fabriqu\u00e9e en Chine dans une usine audit\u00e9e.<\/span><\/p>\n","protected":false},"excerpt":{"rendered":"<p>On fond pour cette mini pince \u00e0 cheveux en forme de petit c\u0153ur rose \u00e0 croquer. Un accessoire bijou qui se glisse dans tous les sacs, parfait pour une coiffure facile \u00e0 la va-vite qui apporte la touche de glamour qu\u2019il vous fallait. &#8211; Composition : Ac\u00e9tate de cellulose&#8211; Type d\u2019attache : dents en ac\u00e9tate&#8211; [&hellip;]<\/p>\n","protected":false},"featured_media":1357092,"comment_status":"open","ping_status":"closed","template":"","meta":[],"product_brand":[],"product_cat":[1756,1764],"product_tag":[2244],"acf":[],"_links":{"self":[{"href":"https:\/\/streetmarkets.fr\/app\/wp-json\/wp\/v2\/product\/1357091"}],"collection":[{"href":"https:\/\/streetmarkets.fr\/app\/wp-json\/wp\/v2\/product"}],"about":[{"href":"https:\/\/streetmarkets.fr\/app\/wp-json\/wp\/v2\/types\/product"}],"replies":[{"embeddable":true,"href":"https:\/\/streetmarkets.fr\/app\/wp-json\/wp\/v2\/comments?post=1357091"}],"wp:featuredmedia":[{"embeddable":true,"href":"https:\/\/streetmarkets.fr\/app\/wp-json\/wp\/v2\/media\/1357092"}],"wp:attachment":[{"href":"https:\/\/streetmarkets.fr\/app\/wp-json\/wp\/v2\/media?parent=1357091"}],"wp:term":[{"taxonomy":"product_brand","embeddable":true,"href":"https:\/\/streetmarkets.fr\/app\/wp-json\/wp\/v2\/product_brand?post=1357091"},{"taxonomy":"product_cat","embeddable":true,"href":"https:\/\/streetmarkets.fr\/app\/wp-json\/wp\/v2\/product_cat?post=1357091"},{"taxonomy":"product_tag","embeddable":true,"href":"https:\/\/streetmarkets.fr\/app\/wp-json\/wp\/v2\/product_tag?post=1357091"}],"curies":[{"name":"wp","href":"https:\/\/api.w.org\/{rel}","templated":true}]}}